{"id":4985,"date":"2022-03-05T09:11:46","date_gmt":"2022-03-05T08:11:46","guid":{"rendered":"https:\/\/bohemia-mallorca.com\/bohe01\/aviso-legal\/"},"modified":"2023-07-07T16:33:26","modified_gmt":"2023-07-07T14:33:26","slug":"aviso-legal","status":"publish","type":"page","link":"https:\/\/bohemia-mallorca.com\/es\/aviso-legal\/","title":{"rendered":"Aviso legal"},"content":{"rendered":"<div class=\"wpb-content-wrapper\"><p>[vc_row full_width=\u00bbstretch_row\u00bb full_height=\u00bbyes\u00bb columns_placement=\u00bbstretch\u00bb content_placement=\u00bbtop\u00bb css=\u00bb.vc_custom_1649620216410{background-color: rgba(255,255,255,0.1) !important;*background-color: rgb(255,255,255) !important;}\u00bb el_class=\u00bbzigzag\u00bb][vc_column][vc_row_inner el_class=\u00bbintro-block\u00bb][vc_column_inner][vc_custom_heading text=\u00bbAviso legal y condiciones generales de uso\u00bb font_container=\u00bbtag:h1|text_align:left\u00bb el_class=\u00bbheading-size-3&#8243; css=\u00bb.vc_custom_1688740090503{margin-top: 3rem !important;margin-bottom: 3rem !important;}\u00bb][vc_column_text]<\/p>\n<h5>I. Informaci\u00f3n general<\/h5>\n<p>En cumplimiento con el deber de informaci\u00f3n dispuesto en la Ley 34\/2002 de Servicios de la Sociedad de la Informaci\u00f3n y el Comercio Electr\u00f3nico (LSSI-CE) de 11 de julio, se facilitan a continuaci\u00f3n los siguientes datos de informaci\u00f3n general de este sitio web:<\/p>\n<p>La titularidad de este sitio web, bohemia-mallorca.com, (en adelante, Sitio Web) la ostenta: BOHEMIA MALLORCA S.L.U., provista, inscrita en el Registro Mercantil de Mallorca c\/ Alfons El Magnanim, 2 4 y 5 PI 07004 Palma al Tomo 2945, folio 144, secci\u00f3n 1, hoja n\u00famero PM-93618, inscripci\u00f3n en el Registro Administrativo Especial de la DGSFP J4078 &#8211; RC Profesional CGPA EUROPE UNDERWRITING, ES-CS2022-901020. Cuyo representante es: Cristina Ferrari, y cuyos datos de contacto son:<\/p>\n<p>Direcci\u00f3n: 07609 Llucmajor<br \/>\nTel\u00e9fono de contacto: +34 644 119 287<br \/>\nEmail de contacto: <a href=\"mailto:info@bohemia-mallorca.com\">info@bohemia-mallorca.com<\/a><\/p>\n<p>[\/vc_column_text][vc_column_text]<\/p>\n<h5>II. T\u00e9rminos y condiciones generales de uso<\/h5>\n<p><strong>El objeto de las condiciones: El Sitio Web<\/strong><br \/>\nEl objeto de las presentes Condiciones Generales de Uso (en adelante, Condiciones) es regular el acceso y la utilizaci\u00f3n del Sitio Web. A los efectos de las presentes Condiciones se entender\u00e1 como Sitio Web: la apariencia externa de los interfaces de pantalla, tanto de forma est\u00e1tica como de forma din\u00e1mica, es decir, el \u00e1rbol de navegaci\u00f3n; y todos los elementos integrados tanto en los interfaces de pantalla como en el \u00e1rbol de navegaci\u00f3n (en adelante, Contenidos) y todos aquellos servicios o recursos en l\u00ednea que en su caso ofrezca a los Usuarios (en adelante, Servicios).<\/p>\n<p>BOHEMIA MALLORCA S.L.U. Corredur\u00eda de Seguros se reserva la facultad de modificar, en cualquier momento, y sin aviso previo, la presentaci\u00f3n y configuraci\u00f3n del Sitio Web y de los Contenidos y Servicios que en \u00e9l pudieran estar incorporados. El Usuario reconoce y acepta que en cualquier momento BOHEMIA MALLORCA S.L.U. Corredur\u00eda de Seguros pueda interrumpir, desactivar y\/o cancelar cualquiera de estos elementos que se integran en el Sitio Web o el acceso a los mismos.<\/p>\n<p>El acceso al Sitio Web por el Usuario tiene car\u00e1cter libre y, por regla general, es gratuito sin que el Usuario tenga que proporcionar una contraprestaci\u00f3n para poder disfrutar de ello, salvo en lo relativo al coste de conexi\u00f3n a trav\u00e9s de la red de telecomunicaciones suministrada por el proveedor de acceso que hubiere contratado el Usuario.<\/p>\n<p>La utilizaci\u00f3n de alguno de los Contenidos o Servicios del Sitio Web podr\u00e1 hacerse mediante la suscripci\u00f3n o registro previo del Usuario.<\/p>\n<p><strong>El Usuario<\/strong><br \/>\nEl acceso, la navegaci\u00f3n y uso del Sitio Web, as\u00ed como por los espacios habilitados para interactuar entre los Usuarios, y el Usuario y BOHEMIA MALLORCA S.L.U. Corredur\u00eda de Seguros, como los comentarios y\/o espacios de blogging, confiere la condici\u00f3n de Usuario, por lo que se aceptan, desde que se inicia la navegaci\u00f3n por el Sitio Web, todas las Condiciones aqu\u00ed establecidas, as\u00ed como sus ulteriores modificaciones, sin perjuicio de la aplicaci\u00f3n de la correspondiente normativa legal de obligado cumplimiento seg\u00fan el caso. Dada la relevancia de lo anterior, se recomienda al Usuario leerlas cada vez que visite el Sitio Web.<\/p>\n<p>El Sitio Web de BOHEMIA MALLORCA S.L.U. Corredur\u00eda de Seguros proporciona gran diversidad de informaci\u00f3n, servicios y datos. El Usuario asume su responsabilidad para realizar un uso correcto del Sitio Web. Esta responsabilidad se extender\u00e1 a:<\/p>\n<ul>\n<li>Un uso de la informaci\u00f3n, Contenidos y\/o Servicios y datos ofrecidos por BOHEMIA MALLORCA S.L.U. Corredur\u00eda de Seguros sin que sea contrario a lo dispuesto por las presentes Condiciones, la Ley, la moral o el orden p\u00fablico, o que de cualquier otro modo puedan suponer lesi\u00f3n de los derechos de terceros o del mismo funcionamiento del Sitio Web.<\/li>\n<li>La veracidad y licitud de las informaciones aportadas por el Usuario en los formularios extendidos por BOHEMIA MALLORCA S.L.U. Corredur\u00eda de Seguros para el acceso a ciertos Contenidos o Servicios ofrecidos por el Sitio Web. En todo caso, el Usuario notificar\u00e1 de forma inmediata a BOHEMIA MALLORCA S.L.U. Corredur\u00eda de Seguros acerca de cualquier hecho que permita el uso indebido de la informaci\u00f3n registrada en dichos formularios, tales como, pero no solo, el robo, extrav\u00edo, o el acceso no autorizado a identificadores y\/o contrase\u00f1as, con el fin de proceder a su inmediata cancelaci\u00f3n.<\/li>\n<\/ul>\n<p>BOHEMIA MALLORCA S.L.U. Corredur\u00eda de Seguros se reserva el derecho de retirar todos aquellos comentarios y aportaciones que vulneren la ley, el respeto a la dignidad de la persona, que sean discriminatorios, xen\u00f3fobos, racistas, pornogr\u00e1ficos, spamming, que atenten contra la juventud o la infancia, el orden o la seguridad p\u00fablica o que, a su juicio, no resultaran adecuados para su publicaci\u00f3n.<\/p>\n<p>En cualquier caso, BOHEMIA MALLORCA S.L.U. Corredur\u00eda de Seguros no ser\u00e1 responsable de las opiniones vertidas por los Usuarios a trav\u00e9s de comentarios u otras herramientas de blogging o de participaci\u00f3n que pueda haber.<\/p>\n<p>El mero acceso a este Sitio Web no supone entablar ning\u00fan tipo de relaci\u00f3n de car\u00e1cter comercial entre BOHEMIA MALLORCA S.L.U. Corredur\u00eda de Seguros y el Usuario.<\/p>\n<p>El Usuario declara ser mayor de edad y disponer de la capacidad jur\u00eddica suficiente para vincularse por las presentes Condiciones. Por lo tanto, este Sitio Web de BOHEMIA MALLORCA S.L.U. Corredur\u00eda de Seguros no se dirige a menores de edad. BOHEMIA MALLORCA S.L.U. Corredur\u00eda de Seguros declina cualquier responsabilidad por el incumplimiento de este requisito.<\/p>\n<p>El Sitio Web est\u00e1 dirigido principalmente a Usuarios residentes en Espa\u00f1a. BOHEMIA MALLORCA S.L.U. Corredur\u00eda de Seguros no asegura que el Sitio Web cumpla con legislaciones de otros pa\u00edses, ya sea total o parcialmente. Si el Usuario reside o tiene su domiciliado en otro lugar y decide acceder y\/o navegar en el Sitio Web lo har\u00e1 bajo su propia responsabilidad, deber\u00e1 asegurarse de que tal acceso y navegaci\u00f3n cumple con la legislaci\u00f3n local que le es aplicable, no asumiendo BOHEMIA MALLORCA S.L.U. Corredur\u00eda de Seguros responsabilidad alguna que se pueda derivar de dicho acceso.<\/p>\n<p>[\/vc_column_text][vc_column_text]<\/p>\n<h5>III. Acceso y navegaci\u00f3n en el sitio web: exclusi\u00f3n de garant\u00edas y responsabilidad<\/h5>\n<p>BOHEMIA MALLORCA S.L.U. Corredur\u00eda de Seguros no garantiza la continuidad, disponibilidad y utilidad del Sitio Web, ni de los Contenidos o Servicios. BOHEMIA MALLORCA S.L.U. Corredur\u00eda de Seguros har\u00e1 todo lo posible por el buen funcionamiento del Sitio Web, sin embargo, no se responsabiliza ni garantiza que el acceso a este Sitio Web no vaya a ser ininterrumpido o que est\u00e9 libre de error.<\/p>\n<p>Tampoco se responsabiliza o garantiza que el contenido o software al que pueda accederse a trav\u00e9s de este Sitio Web, est\u00e9 libre de error o cause un da\u00f1o al sistema inform\u00e1tico (software y hardware) del Usuario. En ning\u00fan caso BOHEMIA MALLORCA S.L.U. Corredur\u00eda de Seguros ser\u00e1 responsable por las p\u00e9rdidas, da\u00f1os o perjuicios de cualquier tipo que surjan por el acceso, navegaci\u00f3n y el uso del Sitio Web, incluy\u00e9ndose, pero no limit\u00e1ndose, a los ocasionados a los sistemas inform\u00e1ticos o los provocados por la introducci\u00f3n de virus.<\/p>\n<p>BOHEMIA MALLORCA S.L.U. Corredur\u00eda de Seguros tampoco se hace responsable de los da\u00f1os que pudiesen ocasionarse a los usuarios por un uso inadecuado de este Sitio Web. En particular, no se hace responsable en modo alguno de las ca\u00eddas, interrupciones, falta o defecto de las telecomunicaciones que pudieran ocurrir.<\/p>\n<p>[\/vc_column_text][vc_column_text]<\/p>\n<h5>IV. Pol\u00edtica de enlaces<\/h5>\n<p>Se informa que el Sitio Web de BOHEMIA MALLORCA S.L.U. Corredur\u00eda de Seguros pone o puede poner a disposici\u00f3n de los Usuarios medios de enlace (como, entre otros, links, banners, botones), directorios y motores de b\u00fasqueda que permiten a los Usuarios acceder a sitios web pertenecientes y\/o gestionados por terceros.<\/p>\n<p>La instalaci\u00f3n de estos enlaces, directorios y motores de b\u00fasqueda en el Sitio Web tiene por objeto facilitar a los Usuarios la b\u00fasqueda de y acceso a la informaci\u00f3n disponible en Internet, sin que pueda considerarse una sugerencia, recomendaci\u00f3n o invitaci\u00f3n para la visita de los mismos.<\/p>\n<p>BOHEMIA MALLORCA S.L.U. Corredur\u00eda de Seguros no ofrece ni comercializa por s\u00ed ni por medio de terceros los productos y\/o servicios disponibles en dichos sitios enlazados.<\/p>\n<p>Asimismo, tampoco garantizar\u00e1 la disponibilidad t\u00e9cnica, exactitud, veracidad, validez o legalidad de sitios ajenos a su propiedad a los que se pueda acceder por medio de los enlaces.<\/p>\n<p>BOHEMIA MALLORCA S.L.U. Corredur\u00eda de Seguros en ning\u00fan caso revisar\u00e1 o controlar\u00e1 el contenido de otros sitios web, as\u00ed como tampoco aprueba, examina ni hace propios los productos y servicios, contenidos, archivos y cualquier otro material existente en los referidos sitios enlazados.<\/p>\n<p>BOHEMIA MALLORCA S.L.U. Corredur\u00eda de Seguros no asume ninguna responsabilidad por los da\u00f1os y perjuicios que pudieran producirse por el acceso, uso, calidad o licitud de los contenidos, comunicaciones, opiniones, productos y servicios de los sitios web no gestionados por BOHEMIA MALLORCA S.L.U. Corredur\u00eda de Seguros y que sean enlazados en este Sitio Web.<\/p>\n<p>El Usuario o tercero que realice un hiperv\u00ednculo desde una p\u00e1gina web de otro, distinto, sitio web al Sitio Web de BOHEMIA MALLORCA S.L.U. Corredur\u00eda de Seguros deber\u00e1 saber que:<\/p>\n<p>No se permite la reproducci\u00f3n \u2014total o parcialmente\u2014 de ninguno de los Contenidos y\/o Servicios del Sitio Web sin autorizaci\u00f3n expresa de BOHEMIA MALLORCA S.L.U. Corredur\u00eda de Seguros.<\/p>\n<p>No se permite tampoco ninguna manifestaci\u00f3n falsa, inexacta o incorrecta sobre el Sitio Web de BOHEMIA MALLORCA S.L.U. Corredur\u00eda de Seguros, ni sobre los Contenidos y\/o Servicios del mismo.<\/p>\n<p>A excepci\u00f3n del hiperv\u00ednculo, el sitio web en el que se establezca dicho hiperenlace no contendr\u00e1 ning\u00fan elemento, de este Sitio Web, protegido como propiedad intelectual por el ordenamiento jur\u00eddico espa\u00f1ol, salvo autorizaci\u00f3n expresa de BOHEMIA MALLORCA S.L.U. Corredur\u00eda de Seguros.<\/p>\n<p>El establecimiento del hiperv\u00ednculo no implicar\u00e1 la existencia de relaciones entre BOHEMIA MALLORCA S.L.U. Corredur\u00eda de Seguros y el titular del sitio web desde el cual se realice, ni el conocimiento y aceptaci\u00f3n de BOHEMIA MALLORCA S.L.U. Corredur\u00eda de Seguros de los contenidos, servicios y\/o actividades ofrecidas en dicho sitio web, y viceversa.<\/p>\n<p>[\/vc_column_text][vc_column_text]<\/p>\n<h5>V. Propiedad intelectual e industrial<\/h5>\n<p>BOHEMIA MALLORCA S.L.U. Corredur\u00eda de Seguros por s\u00ed o como parte cesionaria, es titular de todos los derechos de propiedad intelectual e industrial del Sitio Web, as\u00ed como de los elementos contenidos en el mismo (a t\u00edtulo enunciativo y no exhaustivo, im\u00e1genes, sonido, audio, v\u00eddeo, software o textos, marcas o logotipos, combinaciones de colores, estructura y dise\u00f1o, selecci\u00f3n de materiales usados, programas de ordenador necesarios para su funcionamiento, acceso y uso, etc.). Ser\u00e1n, por consiguiente, obras protegidas como propiedad intelectual por el ordenamiento jur\u00eddico espa\u00f1ol, si\u00e9ndoles aplicables tanto la normativa espa\u00f1ola y comunitaria en este campo, como los tratados internacionales relativos a la materia y suscritos por Espa\u00f1a.<\/p>\n<p>Todos los derechos reservados. En virtud de lo dispuesto en la Ley de Propiedad Intelectual, quedan expresamente prohibidas la reproducci\u00f3n, la distribuci\u00f3n y la comunicaci\u00f3n p\u00fablica, incluida su modalidad de puesta a disposici\u00f3n, de la totalidad o parte de los contenidos de esta p\u00e1gina web, con fines comerciales, en cualquier soporte y por cualquier medio t\u00e9cnico, sin la autorizaci\u00f3n de BOHEMIA MALLORCA S.L.U. Corredur\u00eda de Seguros.<\/p>\n<p>El Usuario se compromete a respetar los derechos de propiedad intelectual e industrial de BOHEMIA MALLORCA S.L.U. Corredur\u00eda de Seguros. Podr\u00e1 visualizar los elementos del Sitio Web o incluso imprimirlos, copiarlos y almacenarlos en el disco duro de su ordenador o en cualquier otro soporte f\u00edsico siempre y cuando sea, exclusivamente, para su uso personal. El Usuario, sin embargo, no podr\u00e1 suprimir, alterar, o manipular cualquier dispositivo de protecci\u00f3n o sistema de seguridad que estuviera instalado en el Sitio Web.<\/p>\n<p>En caso de que el Usuario o tercero considere que cualquiera de los Contenidos del Sitio Web suponga una violaci\u00f3n de los derechos de protecci\u00f3n de la propiedad intelectual, deber\u00e1 comunicarlo inmediatamente a BOHEMIA MALLORCA S.L.U. Corredur\u00eda de Seguros a trav\u00e9s de los datos de contacto del apartado de INFORMACI\u00d3N GENERAL de este Aviso Legal y Condiciones Generales de Uso.<\/p>\n<p>[\/vc_column_text][vc_column_text]<\/p>\n<h5>VI. Acciones legales, legislaci\u00f3n aplicable y jurisdicci\u00f3n<\/h5>\n<p>BOHEMIA MALLORCA S.L.U. Corredur\u00eda de Seguros se reserva la facultad de presentar las acciones civiles o penales que considere necesarias por la utilizaci\u00f3n indebida del Sitio Web y Contenidos, o por el incumplimiento de las presentes Condiciones.<\/p>\n<p>La relaci\u00f3n entre el Usuario y BOHEMIA MALLORCA S.L.U. Corredur\u00eda de Seguros se regir\u00e1 por la normativa vigente y de aplicaci\u00f3n en el territorio espa\u00f1ol. De surgir cualquier controversia en relaci\u00f3n con la interpretaci\u00f3n y\/o a la aplicaci\u00f3n de estas Condiciones las partes someter\u00e1n sus conflictos a la jurisdicci\u00f3n ordinaria someti\u00e9ndose a los jueces y tribunales que correspondan conforme a derecho.<\/p>\n<p>Este documento de Aviso Legal y Condiciones Generales de uso del sitio web ha sido creado mediante el <a href=\"https:\/\/textos-legales.edgartamarit.com\/\" target=\"_blank\" rel=\"noopener\">generador de plantilla de aviso legal y condiciones de uso online<\/a> el d\u00eda 21\/06\/2022.<\/p>\n<p>[\/vc_column_text][\/vc_column_inner][\/vc_row_inner][vc_row_inner el_class=\u00bbforms-newdetails\u00bb][vc_column_inner]<div class=\"vc_btn3-container  bohe-close-btn vc_btn3-inline\"><button class=\"vc_general vc_btn3 vc_btn3-size-md vc_btn3-shape-rounded vc_btn3-style-modern btn-close\">schliessen<\/button><\/div><div class=\"form-back\"><div class=\"beratung-container\"><\/div><\/div>[\/vc_column_inner][\/vc_row_inner][\/vc_column][\/vc_row]<\/p>\n<\/div>","protected":false},"excerpt":{"rendered":"<p>[vc_row full_width=\u00bbstretch_row\u00bb full_height=\u00bbyes\u00bb columns_placement=\u00bbstretch\u00bb content_placement=\u00bbtop\u00bb css=\u00bb.vc_custom_1649620216410{background-color: rgba(255,255,255,0.1) !important;*background-color: rgb(255,255,255) !important;}\u00bb el_class=\u00bbzigzag\u00bb][vc_column][vc_row_inner el_class=\u00bbintro-block\u00bb][vc_column_inner][vc_custom_heading text=\u00bbAviso legal y condiciones generales de uso\u00bb font_container=\u00bbtag:h1|text_align:left\u00bb el_class=\u00bbheading-size-3&#8243; css=\u00bb.vc_custom_1688740090503{margin-top: 3rem !important;margin-bottom: 3rem !important;}\u00bb][vc_column_text] I. Informaci\u00f3n&hellip;<\/p>\n","protected":false},"author":1,"featured_media":0,"parent":0,"menu_order":12,"comment_status":"closed","ping_status":"closed","template":"template-content.php","meta":{"_acf_changed":false,"inline_featured_image":false,"footnotes":""},"class_list":["post-4985","page","type-page","status-publish","has-post-thumbnail","hentry"],"acf":[],"yoast_head":"<!-- This site is optimized with the Yoast SEO Premium plugin v22.1 (Yoast SEO v22.6) - https:\/\/yoast.com\/wordpress\/plugins\/seo\/ -->\n<title>Aviso legal | Bohemia Mallorca<\/title>\n<meta name=\"description\" content=\"Aviso legal\" \/>\n<meta name=\"robots\" content=\"noindex, nofollow\" \/>\n<meta property=\"og:locale\" content=\"es_ES\" \/>\n<meta property=\"og:type\" content=\"article\" \/>\n<meta property=\"og:title\" content=\"Aviso legal\" \/>\n<meta property=\"og:description\" content=\"Aviso legal\" \/>\n<meta property=\"og:url\" content=\"https:\/\/bohemia-mallorca.com\/es\/aviso-legal\/\" \/>\n<meta property=\"og:site_name\" content=\"Bohemia Mallorca\" \/>\n<meta property=\"article:publisher\" content=\"https:\/\/www.facebook.com\/bohemiamallorca\" \/>\n<meta property=\"article:modified_time\" content=\"2023-07-07T14:33:26+00:00\" \/>\n<meta name=\"twitter:card\" content=\"summary_large_image\" \/>\n<meta name=\"twitter:label1\" content=\"Tiempo de lectura\" \/>\n\t<meta name=\"twitter:data1\" content=\"12 minutos\" \/>\n<script type=\"application\/ld+json\" class=\"yoast-schema-graph\">{\"@context\":\"https:\/\/schema.org\",\"@graph\":[{\"@type\":\"WebPage\",\"@id\":\"https:\/\/bohemia-mallorca.com\/es\/aviso-legal\/\",\"url\":\"https:\/\/bohemia-mallorca.com\/es\/aviso-legal\/\",\"name\":\"Aviso legal | Bohemia Mallorca\",\"isPartOf\":{\"@id\":\"https:\/\/bohemia-mallorca.com\/es\/#website\"},\"datePublished\":\"2022-03-05T08:11:46+00:00\",\"dateModified\":\"2023-07-07T14:33:26+00:00\",\"description\":\"Aviso legal\",\"breadcrumb\":{\"@id\":\"https:\/\/bohemia-mallorca.com\/es\/aviso-legal\/#breadcrumb\"},\"inLanguage\":\"es\",\"potentialAction\":[{\"@type\":\"ReadAction\",\"target\":[\"https:\/\/bohemia-mallorca.com\/es\/aviso-legal\/\"]}]},{\"@type\":\"BreadcrumbList\",\"@id\":\"https:\/\/bohemia-mallorca.com\/es\/aviso-legal\/#breadcrumb\",\"itemListElement\":[{\"@type\":\"ListItem\",\"position\":1,\"name\":\"Startseite\",\"item\":\"https:\/\/bohemia-mallorca.com\/es\/\"},{\"@type\":\"ListItem\",\"position\":2,\"name\":\"Aviso legal\"}]},{\"@type\":\"WebSite\",\"@id\":\"https:\/\/bohemia-mallorca.com\/es\/#website\",\"url\":\"https:\/\/bohemia-mallorca.com\/es\/\",\"name\":\"Bohemia Mallorca\",\"description\":\"Versicherungsmakler\",\"publisher\":{\"@id\":\"https:\/\/bohemia-mallorca.com\/es\/#organization\"},\"alternateName\":\"Bohemia\",\"potentialAction\":[{\"@type\":\"SearchAction\",\"target\":{\"@type\":\"EntryPoint\",\"urlTemplate\":\"https:\/\/bohemia-mallorca.com\/es\/?s={search_term_string}\"},\"query-input\":\"required name=search_term_string\"}],\"inLanguage\":\"es\"},{\"@type\":\"Organization\",\"@id\":\"https:\/\/bohemia-mallorca.com\/es\/#organization\",\"name\":\"Bohemia Mallorca\",\"alternateName\":\"Bohemia\",\"url\":\"https:\/\/bohemia-mallorca.com\/es\/\",\"logo\":{\"@type\":\"ImageObject\",\"inLanguage\":\"es\",\"@id\":\"https:\/\/bohemia-mallorca.com\/es\/#\/schema\/logo\/image\/\",\"url\":\"https:\/\/bohemia-mallorca.com\/wp-content\/uploads\/2022\/11\/Bohemia_Mallorca_Correduria_de_Seguros_Versicherungsmakler.png\",\"contentUrl\":\"https:\/\/bohemia-mallorca.com\/wp-content\/uploads\/2022\/11\/Bohemia_Mallorca_Correduria_de_Seguros_Versicherungsmakler.png\",\"width\":4167,\"height\":1250,\"caption\":\"Bohemia Mallorca\"},\"image\":{\"@id\":\"https:\/\/bohemia-mallorca.com\/es\/#\/schema\/logo\/image\/\"},\"sameAs\":[\"https:\/\/www.facebook.com\/bohemiamallorca\",\"https:\/\/www.instagram.com\/bohemia_mallorca\/\"]}]}<\/script>\n<!-- \/ Yoast SEO Premium plugin. -->","yoast_head_json":{"title":"Aviso legal | Bohemia Mallorca","description":"Aviso legal","robots":{"index":"noindex","follow":"nofollow"},"og_locale":"es_ES","og_type":"article","og_title":"Aviso legal","og_description":"Aviso legal","og_url":"https:\/\/bohemia-mallorca.com\/es\/aviso-legal\/","og_site_name":"Bohemia Mallorca","article_publisher":"https:\/\/www.facebook.com\/bohemiamallorca","article_modified_time":"2023-07-07T14:33:26+00:00","twitter_card":"summary_large_image","twitter_misc":{"Tiempo de lectura":"12 minutos"},"schema":{"@context":"https:\/\/schema.org","@graph":[{"@type":"WebPage","@id":"https:\/\/bohemia-mallorca.com\/es\/aviso-legal\/","url":"https:\/\/bohemia-mallorca.com\/es\/aviso-legal\/","name":"Aviso legal | Bohemia Mallorca","isPartOf":{"@id":"https:\/\/bohemia-mallorca.com\/es\/#website"},"datePublished":"2022-03-05T08:11:46+00:00","dateModified":"2023-07-07T14:33:26+00:00","description":"Aviso legal","breadcrumb":{"@id":"https:\/\/bohemia-mallorca.com\/es\/aviso-legal\/#breadcrumb"},"inLanguage":"es","potentialAction":[{"@type":"ReadAction","target":["https:\/\/bohemia-mallorca.com\/es\/aviso-legal\/"]}]},{"@type":"BreadcrumbList","@id":"https:\/\/bohemia-mallorca.com\/es\/aviso-legal\/#breadcrumb","itemListElement":[{"@type":"ListItem","position":1,"name":"Startseite","item":"https:\/\/bohemia-mallorca.com\/es\/"},{"@type":"ListItem","position":2,"name":"Aviso legal"}]},{"@type":"WebSite","@id":"https:\/\/bohemia-mallorca.com\/es\/#website","url":"https:\/\/bohemia-mallorca.com\/es\/","name":"Bohemia Mallorca","description":"Versicherungsmakler","publisher":{"@id":"https:\/\/bohemia-mallorca.com\/es\/#organization"},"alternateName":"Bohemia","potentialAction":[{"@type":"SearchAction","target":{"@type":"EntryPoint","urlTemplate":"https:\/\/bohemia-mallorca.com\/es\/?s={search_term_string}"},"query-input":"required name=search_term_string"}],"inLanguage":"es"},{"@type":"Organization","@id":"https:\/\/bohemia-mallorca.com\/es\/#organization","name":"Bohemia Mallorca","alternateName":"Bohemia","url":"https:\/\/bohemia-mallorca.com\/es\/","logo":{"@type":"ImageObject","inLanguage":"es","@id":"https:\/\/bohemia-mallorca.com\/es\/#\/schema\/logo\/image\/","url":"https:\/\/bohemia-mallorca.com\/wp-content\/uploads\/2022\/11\/Bohemia_Mallorca_Correduria_de_Seguros_Versicherungsmakler.png","contentUrl":"https:\/\/bohemia-mallorca.com\/wp-content\/uploads\/2022\/11\/Bohemia_Mallorca_Correduria_de_Seguros_Versicherungsmakler.png","width":4167,"height":1250,"caption":"Bohemia Mallorca"},"image":{"@id":"https:\/\/bohemia-mallorca.com\/es\/#\/schema\/logo\/image\/"},"sameAs":["https:\/\/www.facebook.com\/bohemiamallorca","https:\/\/www.instagram.com\/bohemia_mallorca\/"]}]}},"_links":{"self":[{"href":"https:\/\/bohemia-mallorca.com\/es\/wp-json\/wp\/v2\/pages\/4985","targetHints":{"allow":["GET"]}}],"collection":[{"href":"https:\/\/bohemia-mallorca.com\/es\/wp-json\/wp\/v2\/pages"}],"about":[{"href":"https:\/\/bohemia-mallorca.com\/es\/wp-json\/wp\/v2\/types\/page"}],"author":[{"embeddable":true,"href":"https:\/\/bohemia-mallorca.com\/es\/wp-json\/wp\/v2\/users\/1"}],"replies":[{"embeddable":true,"href":"https:\/\/bohemia-mallorca.com\/es\/wp-json\/wp\/v2\/comments?post=4985"}],"version-history":[{"count":0,"href":"https:\/\/bohemia-mallorca.com\/es\/wp-json\/wp\/v2\/pages\/4985\/revisions"}],"wp:attachment":[{"href":"https:\/\/bohemia-mallorca.com\/es\/wp-json\/wp\/v2\/media?parent=4985"}],"curies":[{"name":"wp","href":"https:\/\/api.w.org\/{rel}","templated":true}]}}