{"id":31548,"date":"2022-12-02T10:07:59","date_gmt":"2022-12-02T09:07:59","guid":{"rendered":"https:\/\/bohemia-mallorca.com\/nuestras-companias-de-seguros\/"},"modified":"2023-07-17T02:33:44","modified_gmt":"2023-07-17T00:33:44","slug":"nuestras-companias-de-seguros","status":"publish","type":"page","link":"https:\/\/bohemia-mallorca.com\/es\/nuestras-companias-de-seguros\/","title":{"rendered":"Nuestras compa\u00f1\u00edas de seguros"},"content":{"rendered":"<div class=\"wpb-content-wrapper\"><p>[vc_row full_width=\u00bbstretch_row_content_no_spaces\u00bb el_class=\u00bbfixed-back-bild\u00bb][vc_column offset=\u00bbvc_hidden-md vc_hidden-sm vc_hidden-xs\u00bb][vc_single_image image=\u00bb45377&#8243; img_size=\u00bbbohe-back\u00bb alignment=\u00bbcenter\u00bb][\/vc_column][\/vc_row][vc_row full_width=\u00bbstretch_row_content_no_spaces\u00bb el_class=\u00bbfixed-back-bild\u00bb][vc_column offset=\u00bbvc_hidden-lg\u00bb][vc_single_image image=\u00bb45373&#8243; img_size=\u00bbbohe-back\u00bb alignment=\u00bbcenter\u00bb][\/vc_column][\/vc_row][vc_row full_width=\u00bbstretch_row_content_no_spaces\u00bb content_placement=\u00bbbottom\u00bb css=\u00bb.vc_custom_1688816988368{padding-top: 30vh !important;}\u00bb][vc_column][vc_row_inner el_class=\u00bbforms-newdetails\u00bb][vc_column_inner]<div class=\"vc_btn3-container  bohe-close-btn vc_btn3-inline\"><button class=\"vc_general vc_btn3 vc_btn3-size-md vc_btn3-shape-rounded vc_btn3-style-modern btn-close\">schliessen<\/button><\/div><div class=\"form-back\"><div class=\"beratung-container\"><\/div><\/div>[\/vc_column_inner][\/vc_row_inner][\/vc_column][\/vc_row][vc_row full_width=\u00bbstretch_row_content_no_spaces\u00bb content_placement=\u00bbbottom\u00bb css=\u00bb.vc_custom_1688817046678{margin-top: 20vh !important;background-color: #f4ebd0 !important;}\u00bb el_class=\u00bbintro-block dunkel\u00bb][vc_column][vc_row_inner el_class=\u00bbintro-block dunkel\u00bb css=\u00bb.vc_custom_1688817151289{margin-bottom: 3rem !important;}\u00bb][vc_column_inner][vc_custom_heading text=\u00bbNuestras<br \/>\ncompa\u00f1\u00edas de seguros\u00bb font_container=\u00bbtag:h1|text_align:left\u00bb el_class=\u00bbheading-size-2&#8243;][\/vc_column_inner][\/vc_row_inner][vc_row_inner el_class=\u00bbintro-block dunkel\u00bb css=\u00bb.vc_custom_1688817206347{margin-bottom: 3rem !important;}\u00bb][vc_column_inner][vc_column_text]Bohemia Mallorca coopera con \u00e9xito con todas las compa\u00f1\u00edas de seguros de renombre en Espa\u00f1a. De este modo, nuestros clientes se benefician doblemente.[\/vc_column_text]\t\n\t\t<div id=\"gs_logo_area_2\" class=\"gs_logo_area gs_logo_area_2 grid1\" style=\"opacity: 0; visibility: hidden;\">\n\t\t\t<div class=\"gs_logo_area--inner\">\n\t\n\t\t\t\t\n<div class=\"gs_logo_container gs_logo_container_grid gs_logo_fix_height_and_center\" style=\"justify-content:center\">\n\n\t\n\t\t\n\t\t\t<div class=\"gs_logo_single--wrapper\">\n\t\t\t\t<div class=\"gs_logo_single\">\n\t\t\t\t\t\n\t\t\t\t\t<!-- Logo Image -->\n\t\t\t\t\t<img decoding=\"async\" width=\"300\" height=\"100\" src=\"https:\/\/bohemia-mallorca.com\/wp-content\/uploads\/2022\/11\/dkv-seguros-mallorca-versicherungen-salud-gesundheit-espana.png\" class=\"gs-logo--img wp-post-image\" alt=\"DKV seguros Mallorca\" title=\"1-DVK\" \/>\n\t\t\t\t\t<!-- Logo Title -->\n\t\t\t\t\t\n\t\t\t\t\t<!-- Logo Category -->\n\t\t\t\t\t\n\t\t\t\t<\/div>\n\t\t\t<\/div>\n\n\t\t\n\t\t\t<div class=\"gs_logo_single--wrapper\">\n\t\t\t\t<div class=\"gs_logo_single\">\n\t\t\t\t\t\n\t\t\t\t\t<!-- Logo Image -->\n\t\t\t\t\t<img decoding=\"async\" width=\"300\" height=\"100\" src=\"https:\/\/bohemia-mallorca.com\/wp-content\/uploads\/2022\/11\/zurich-seguros-mallorca-versicherungen-hogar-hausrat-spanien.png\" class=\"gs-logo--img wp-post-image\" alt=\"Zurich seguros Mallorca\" title=\"2-Zurich\" \/>\n\t\t\t\t\t<!-- Logo Title -->\n\t\t\t\t\t\n\t\t\t\t\t<!-- Logo Category -->\n\t\t\t\t\t\n\t\t\t\t<\/div>\n\t\t\t<\/div>\n\n\t\t\n\t\t\t<div class=\"gs_logo_single--wrapper\">\n\t\t\t\t<div class=\"gs_logo_single\">\n\t\t\t\t\t\n\t\t\t\t\t<!-- Logo Image -->\n\t\t\t\t\t<img decoding=\"async\" width=\"300\" height=\"100\" src=\"https:\/\/bohemia-mallorca.com\/wp-content\/uploads\/2022\/11\/axa-seguros-mallorca-versicherung-hogar-hausrat-spanien.png\" class=\"gs-logo--img wp-post-image\" alt=\"Axa seguros Mallorca\" title=\"3-Axa\" \/>\n\t\t\t\t\t<!-- Logo Title -->\n\t\t\t\t\t\n\t\t\t\t\t<!-- Logo Category -->\n\t\t\t\t\t\n\t\t\t\t<\/div>\n\t\t\t<\/div>\n\n\t\t\n\t\t\t<div class=\"gs_logo_single--wrapper\">\n\t\t\t\t<div class=\"gs_logo_single\">\n\t\t\t\t\t\n\t\t\t\t\t<!-- Logo Image -->\n\t\t\t\t\t<img decoding=\"async\" width=\"300\" height=\"100\" src=\"https:\/\/bohemia-mallorca.com\/wp-content\/uploads\/2022\/11\/allianz-seguros-mallorca-versicherung-auto-coche-spanien.png\" class=\"gs-logo--img wp-post-image\" alt=\"Allianz seguros Mallorca\" title=\"4-Allianz\" \/>\n\t\t\t\t\t<!-- Logo Title -->\n\t\t\t\t\t\n\t\t\t\t\t<!-- Logo Category -->\n\t\t\t\t\t\n\t\t\t\t<\/div>\n\t\t\t<\/div>\n\n\t\t\n\t\t\t<div class=\"gs_logo_single--wrapper\">\n\t\t\t\t<div class=\"gs_logo_single\">\n\t\t\t\t\t\n\t\t\t\t\t<!-- Logo Image -->\n\t\t\t\t\t<img decoding=\"async\" width=\"300\" height=\"100\" src=\"https:\/\/bohemia-mallorca.com\/wp-content\/uploads\/2023\/07\/alc_logo.png\" class=\"gs-logo--img wp-post-image\" alt=\"ALC global health seguros Mallorca\" title=\"ALC global health\" \/>\n\t\t\t\t\t<!-- Logo Title -->\n\t\t\t\t\t\n\t\t\t\t\t<!-- Logo Category -->\n\t\t\t\t\t\n\t\t\t\t<\/div>\n\t\t\t<\/div>\n\n\t\t\n\t\t\t<div class=\"gs_logo_single--wrapper\">\n\t\t\t\t<div class=\"gs_logo_single\">\n\t\t\t\t\t\n\t\t\t\t\t<!-- Logo Image -->\n\t\t\t\t\t<img decoding=\"async\" width=\"300\" height=\"170\" src=\"https:\/\/bohemia-mallorca.com\/wp-content\/uploads\/2022\/11\/Arag-Seguros-Mallorca-Versicherungen-Spanien-Rechtsschutz-Defensa-Juridica-300x170.png\" class=\"gs-logo--img wp-post-image\" alt=\"Arag seguros\" title=\"Arag\" srcset=\"https:\/\/bohemia-mallorca.com\/wp-content\/uploads\/2022\/11\/Arag-Seguros-Mallorca-Versicherungen-Spanien-Rechtsschutz-Defensa-Juridica-e1743351683908.png 300w, https:\/\/bohemia-mallorca.com\/wp-content\/uploads\/2022\/11\/Arag-Seguros-Mallorca-Versicherungen-Spanien-Rechtsschutz-Defensa-Juridica-768x436.png 768w, https:\/\/bohemia-mallorca.com\/wp-content\/uploads\/2022\/11\/Arag-Seguros-Mallorca-Versicherungen-Spanien-Rechtsschutz-Defensa-Juridica-540x307.png 540w\" sizes=\"(max-width: 300px) 100vw, 300px\" \/>\n\t\t\t\t\t<!-- Logo Title -->\n\t\t\t\t\t\n\t\t\t\t\t<!-- Logo Category -->\n\t\t\t\t\t\n\t\t\t\t<\/div>\n\t\t\t<\/div>\n\n\t\t\n\t\t\t<div class=\"gs_logo_single--wrapper\">\n\t\t\t\t<div class=\"gs_logo_single\">\n\t\t\t\t\t\n\t\t\t\t\t<!-- Logo Image -->\n\t\t\t\t\t<img decoding=\"async\" width=\"300\" height=\"100\" src=\"https:\/\/bohemia-mallorca.com\/wp-content\/uploads\/2022\/11\/asisa-seguros-mallorca-versicherungen-gesundheit-salud-espana.png\" class=\"gs-logo--img wp-post-image\" alt=\"Asisa seguros\" title=\"asisa\" \/>\n\t\t\t\t\t<!-- Logo Title -->\n\t\t\t\t\t\n\t\t\t\t\t<!-- Logo Category -->\n\t\t\t\t\t\n\t\t\t\t<\/div>\n\t\t\t<\/div>\n\n\t\t\n\t\t\t<div class=\"gs_logo_single--wrapper\">\n\t\t\t\t<div class=\"gs_logo_single\">\n\t\t\t\t\t\n\t\t\t\t\t<!-- Logo Image -->\n\t\t\t\t\t<img decoding=\"async\" width=\"300\" height=\"94\" src=\"https:\/\/bohemia-mallorca.com\/wp-content\/uploads\/2023\/01\/Berkley-Seguros-Mallorca-Versicherung-Spanien-300x94.png\" class=\"gs-logo--img wp-post-image\" alt=\"Berkley seguros Mallorca\" title=\"Berkley\" srcset=\"https:\/\/bohemia-mallorca.com\/wp-content\/uploads\/2023\/01\/Berkley-Seguros-Mallorca-Versicherung-Spanien-e1673947732828.png 300w, https:\/\/bohemia-mallorca.com\/wp-content\/uploads\/2023\/01\/Berkley-Seguros-Mallorca-Versicherung-Spanien-500x157.png 500w\" sizes=\"(max-width: 300px) 100vw, 300px\" \/>\n\t\t\t\t\t<!-- Logo Title -->\n\t\t\t\t\t\n\t\t\t\t\t<!-- Logo Category -->\n\t\t\t\t\t\n\t\t\t\t<\/div>\n\t\t\t<\/div>\n\n\t\t\n\t\t\t<div class=\"gs_logo_single--wrapper\">\n\t\t\t\t<div class=\"gs_logo_single\">\n\t\t\t\t\t\n\t\t\t\t\t<!-- Logo Image -->\n\t\t\t\t\t<img decoding=\"async\" width=\"300\" height=\"100\" src=\"https:\/\/bohemia-mallorca.com\/wp-content\/uploads\/2023\/07\/calife_by_mgcmutua.png\" class=\"gs-logo--img wp-post-image\" alt=\"CA Life by MGC Mutua seguros Mallorca\" title=\"CA Life by MGC Mutua\" \/>\n\t\t\t\t\t<!-- Logo Title -->\n\t\t\t\t\t\n\t\t\t\t\t<!-- Logo Category -->\n\t\t\t\t\t\n\t\t\t\t<\/div>\n\t\t\t<\/div>\n\n\t\t\n\t\t\t<div class=\"gs_logo_single--wrapper\">\n\t\t\t\t<div class=\"gs_logo_single\">\n\t\t\t\t\t\n\t\t\t\t\t<!-- Logo Image -->\n\t\t\t\t\t<img decoding=\"async\" width=\"300\" height=\"127\" src=\"https:\/\/bohemia-mallorca.com\/wp-content\/uploads\/2022\/12\/Caser-Seguros-Mallorca-Versicherung-Spanien-e1743351789482.png\" class=\"gs-logo--img wp-post-image\" alt=\"Caser seguros\" title=\"Caser\" \/>\n\t\t\t\t\t<!-- Logo Title -->\n\t\t\t\t\t\n\t\t\t\t\t<!-- Logo Category -->\n\t\t\t\t\t\n\t\t\t\t<\/div>\n\t\t\t<\/div>\n\n\t\t\n\t\t\t<div class=\"gs_logo_single--wrapper\">\n\t\t\t\t<div class=\"gs_logo_single\">\n\t\t\t\t\t\n\t\t\t\t\t<!-- Logo Image -->\n\t\t\t\t\t<img decoding=\"async\" width=\"300\" height=\"100\" src=\"https:\/\/bohemia-mallorca.com\/wp-content\/uploads\/2022\/11\/ergo-seguros-mallorca-versicherung-leben-vida-spanien.png\" class=\"gs-logo--img wp-post-image\" alt=\"Ergo seguros\" title=\"Ergo\" \/>\n\t\t\t\t\t<!-- Logo Title -->\n\t\t\t\t\t\n\t\t\t\t\t<!-- Logo Category -->\n\t\t\t\t\t\n\t\t\t\t<\/div>\n\t\t\t<\/div>\n\n\t\t\n\t\t\t<div class=\"gs_logo_single--wrapper\">\n\t\t\t\t<div class=\"gs_logo_single\">\n\t\t\t\t\t\n\t\t\t\t\t<!-- Logo Image -->\n\t\t\t\t\t<img decoding=\"async\" width=\"300\" height=\"100\" src=\"https:\/\/bohemia-mallorca.com\/wp-content\/uploads\/2022\/11\/fiatc-seguros-mallorca-versicherungen-profesional-geschaeft-spanien.png\" class=\"gs-logo--img wp-post-image\" alt=\"Fiatc seguros\" title=\"FIATC\" \/>\n\t\t\t\t\t<!-- Logo Title -->\n\t\t\t\t\t\n\t\t\t\t\t<!-- Logo Category -->\n\t\t\t\t\t\n\t\t\t\t<\/div>\n\t\t\t<\/div>\n\n\t\t\n\t\t\t<div class=\"gs_logo_single--wrapper\">\n\t\t\t\t<div class=\"gs_logo_single\">\n\t\t\t\t\t\n\t\t\t\t\t<!-- Logo Image -->\n\t\t\t\t\t<img decoding=\"async\" width=\"300\" height=\"100\" src=\"https:\/\/bohemia-mallorca.com\/wp-content\/uploads\/2022\/11\/generali-seguros-mallorca-versicherung-haftpflicht-responsabilidad-civil-espana.png\" class=\"gs-logo--img wp-post-image\" alt=\"Generali seguros Mallorca\" title=\"Generali\" \/>\n\t\t\t\t\t<!-- Logo Title -->\n\t\t\t\t\t\n\t\t\t\t\t<!-- Logo Category -->\n\t\t\t\t\t\n\t\t\t\t<\/div>\n\t\t\t<\/div>\n\n\t\t\n\t\t\t<div class=\"gs_logo_single--wrapper\">\n\t\t\t\t<div class=\"gs_logo_single\">\n\t\t\t\t\t\n\t\t\t\t\t<!-- Logo Image -->\n\t\t\t\t\t<img decoding=\"async\" width=\"300\" height=\"100\" src=\"https:\/\/bohemia-mallorca.com\/wp-content\/uploads\/2022\/11\/helvetia-seguros-mallorca-versicherungen-vida-leben-spanien.png\" class=\"gs-logo--img wp-post-image\" alt=\"Helvetia seguros Mallorca\" title=\"helvetia\" \/>\n\t\t\t\t\t<!-- Logo Title -->\n\t\t\t\t\t\n\t\t\t\t\t<!-- Logo Category -->\n\t\t\t\t\t\n\t\t\t\t<\/div>\n\t\t\t<\/div>\n\n\t\t\n\t\t\t<div class=\"gs_logo_single--wrapper\">\n\t\t\t\t<div class=\"gs_logo_single\">\n\t\t\t\t\t\n\t\t\t\t\t<!-- Logo Image -->\n\t\t\t\t\t<img decoding=\"async\" width=\"300\" height=\"300\" src=\"https:\/\/bohemia-mallorca.com\/wp-content\/uploads\/2022\/12\/Hiscox-Seguros-Mallorca-Versicherung-Spanien-300x300.png\" class=\"gs-logo--img wp-post-image\" alt=\"Hiscox seguros\" title=\"Hiscox\" srcset=\"https:\/\/bohemia-mallorca.com\/wp-content\/uploads\/2022\/12\/Hiscox-Seguros-Mallorca-Versicherung-Spanien-300x300.png 300w, https:\/\/bohemia-mallorca.com\/wp-content\/uploads\/2022\/12\/Hiscox-Seguros-Mallorca-Versicherung-Spanien-e1743351769424-150x150.png 150w, https:\/\/bohemia-mallorca.com\/wp-content\/uploads\/2022\/12\/Hiscox-Seguros-Mallorca-Versicherung-Spanien-768x768.png 768w, https:\/\/bohemia-mallorca.com\/wp-content\/uploads\/2022\/12\/Hiscox-Seguros-Mallorca-Versicherung-Spanien-540x540.png 540w\" sizes=\"(max-width: 300px) 100vw, 300px\" \/>\n\t\t\t\t\t<!-- Logo Title -->\n\t\t\t\t\t\n\t\t\t\t\t<!-- Logo Category -->\n\t\t\t\t\t\n\t\t\t\t<\/div>\n\t\t\t<\/div>\n\n\t\t\n\t\t\t<div class=\"gs_logo_single--wrapper\">\n\t\t\t\t<div class=\"gs_logo_single\">\n\t\t\t\t\t\n\t\t\t\t\t<!-- Logo Image -->\n\t\t\t\t\t<img decoding=\"async\" width=\"300\" height=\"100\" src=\"https:\/\/bohemia-mallorca.com\/wp-content\/uploads\/2022\/11\/mapfre-seguros-mallorca-versicherung-hogar-haus-spanien.png\" class=\"gs-logo--img wp-post-image\" alt=\"Mapfre seguros Mallorca\" title=\"Mapfre\" \/>\n\t\t\t\t\t<!-- Logo Title -->\n\t\t\t\t\t\n\t\t\t\t\t<!-- Logo Category -->\n\t\t\t\t\t\n\t\t\t\t<\/div>\n\t\t\t<\/div>\n\n\t\t\n\t\t\t<div class=\"gs_logo_single--wrapper\">\n\t\t\t\t<div class=\"gs_logo_single\">\n\t\t\t\t\t\n\t\t\t\t\t<!-- Logo Image -->\n\t\t\t\t\t<img decoding=\"async\" width=\"300\" height=\"150\" src=\"https:\/\/bohemia-mallorca.com\/wp-content\/uploads\/2022\/12\/Occident-Seguros-Mallorca-Versicherung-Spanien-e1743351703407.webp\" class=\"gs-logo--img wp-post-image\" alt=\"Occident seguros\" title=\"Occident\" \/>\n\t\t\t\t\t<!-- Logo Title -->\n\t\t\t\t\t\n\t\t\t\t\t<!-- Logo Category -->\n\t\t\t\t\t\n\t\t\t\t<\/div>\n\t\t\t<\/div>\n\n\t\t\n\t\t\t<div class=\"gs_logo_single--wrapper\">\n\t\t\t\t<div class=\"gs_logo_single\">\n\t\t\t\t\t\n\t\t\t\t\t<!-- Logo Image -->\n\t\t\t\t\t<img decoding=\"async\" width=\"300\" height=\"100\" src=\"https:\/\/bohemia-mallorca.com\/wp-content\/uploads\/2022\/11\/racc-seguros-mallorca-versicherungen-viaje-reise_espana.png\" class=\"gs-logo--img wp-post-image\" alt=\"Racc seguros Mallorca\" title=\"Racc\" \/>\n\t\t\t\t\t<!-- Logo Title -->\n\t\t\t\t\t\n\t\t\t\t\t<!-- Logo Category -->\n\t\t\t\t\t\n\t\t\t\t<\/div>\n\t\t\t<\/div>\n\n\t\t\n\t\t\t<div class=\"gs_logo_single--wrapper\">\n\t\t\t\t<div class=\"gs_logo_single\">\n\t\t\t\t\t\n\t\t\t\t\t<!-- Logo Image -->\n\t\t\t\t\t<img decoding=\"async\" width=\"300\" height=\"100\" src=\"https:\/\/bohemia-mallorca.com\/wp-content\/uploads\/2022\/11\/reale-seguros-mallorca-versicherung-pymes-autonomos-spanien.png\" class=\"gs-logo--img wp-post-image\" alt=\"Reale seguros Mallorca\" title=\"Reale\" \/>\n\t\t\t\t\t<!-- Logo Title -->\n\t\t\t\t\t\n\t\t\t\t\t<!-- Logo Category -->\n\t\t\t\t\t\n\t\t\t\t<\/div>\n\t\t\t<\/div>\n\n\t\t\t\t\n\t\n<\/div>\t\t\t<\/div>\n\t\t<\/div>\n\t\n\t\t<style>#gs_logo_area_2:not(.verticaltickerdown):not(.verticalticker) .gs_logo_container{margin-left:-5px}#gs_logo_area_2:not(.verticaltickerdown):not(.verticalticker) .gs_logo_container{margin-right:-5px}#gs_logo_area_2:not(.verticaltickerdown):not(.verticalticker) .gs_logo_single--wrapper{padding:5px}#gs_logo_area_2 ul.gs-logo-filter-cats{text-align:center!important}#gs_logo_area_2 .gs_logo_single--wrapper{width:20%}@media (max-width:1023px){#gs_logo_area_2 .gs_logo_single--wrapper{width:33.333333333333%}}@media (max-width:767px){#gs_logo_area_2 .gs_logo_single--wrapper{width:50%}}<\/style>[\/vc_column_inner][\/vc_row_inner][\/vc_column][\/vc_row][vc_row full_width=\u00bbstretch_row_content_no_spaces\u00bb equal_height=\u00bbyes\u00bb css=\u00bb.vc_custom_1688808369033{background-color: #f4ebd0 !important;}\u00bb][vc_column css=\u00bb.vc_custom_1671101129626{padding-top: 0px !important;}\u00bb]<div class=\"wpb_content_element footer-line big-line dunkel\">Benef\u00edciese ahora del incomparable servicio de atenci\u00f3n al cliente de Bohemia<div class=\"infos-btns\"><a href=\"#\" class=\"mehr-infos bohe-weiter\" rel=\"nofollow\">Calculate offer<\/a><a href=\"#\" class=\"beratung bohe-weiter\" rel=\"nofollow\">Arrange appointment<\/a><a href=\"\/es\/contacto\/\" class=\"bohe-weiter\">Contacto<\/a><\/div><\/div>[\/vc_column][\/vc_row]<\/p>\n<\/div>","protected":false},"excerpt":{"rendered":"<p>[vc_row full_width=\u00bbstretch_row_content_no_spaces\u00bb el_class=\u00bbfixed-back-bild\u00bb][vc_column offset=\u00bbvc_hidden-md vc_hidden-sm vc_hidden-xs\u00bb][vc_single_image image=\u00bb45377&#8243; img_size=\u00bbbohe-back\u00bb alignment=\u00bbcenter\u00bb][\/vc_column][\/vc_row][vc_row full_width=\u00bbstretch_row_content_no_spaces\u00bb el_class=\u00bbfixed-back-bild\u00bb][vc_column offset=\u00bbvc_hidden-lg\u00bb][vc_single_image image=\u00bb45373&#8243; img_size=\u00bbbohe-back\u00bb alignment=\u00bbcenter\u00bb][\/vc_column][\/vc_row][vc_row full_width=\u00bbstretch_row_content_no_spaces\u00bb content_placement=\u00bbbottom\u00bb css=\u00bb.vc_custom_1688816988368{padding-top: 30vh !important;}\u00bb][vc_column][vc_row_inner el_class=\u00bbforms-newdetails\u00bb][vc_column_inner][\/vc_column_inner][\/vc_row_inner][\/vc_column][\/vc_row][vc_row full_width=\u00bbstretch_row_content_no_spaces\u00bb content_placement=\u00bbbottom\u00bb css=\u00bb.vc_custom_1688817046678{margin-top: 20vh !important;background-color: #f4ebd0 !important;}\u00bb&hellip;<\/p>\n","protected":false},"author":1,"featured_media":0,"parent":0,"menu_order":6,"comment_status":"closed","ping_status":"closed","template":"template-content.php","meta":{"_acf_changed":false,"inline_featured_image":false,"footnotes":""},"class_list":["post-31548","page","type-page","status-publish","has-post-thumbnail","hentry"],"acf":[],"yoast_head":"<!-- This site is optimized with the Yoast SEO Premium plugin v22.1 (Yoast SEO v22.6) - https:\/\/yoast.com\/wordpress\/plugins\/seo\/ -->\n<title>Nuestras compa\u00f1\u00edas de seguros | Bohemia Mallorca<\/title>\n<meta name=\"description\" content=\"Bohemia Mallorca coopera con \u00e9xito con todas las compa\u00f1\u00edas de seguros de renombre en Espa\u00f1a.\" \/>\n<meta name=\"robots\" content=\"index, follow, max-snippet:-1, max-image-preview:large, max-video-preview:-1\" \/>\n<link rel=\"canonical\" href=\"https:\/\/bohemia-mallorca.com\/es\/nuestras-companias-de-seguros\/\" \/>\n<meta property=\"og:locale\" content=\"es_ES\" \/>\n<meta property=\"og:type\" content=\"article\" \/>\n<meta property=\"og:title\" content=\"Nuestras compa\u00f1\u00edas de seguros\" \/>\n<meta property=\"og:description\" content=\"Bohemia Mallorca coopera con \u00e9xito con todas las compa\u00f1\u00edas de seguros de renombre en Espa\u00f1a.\" \/>\n<meta property=\"og:url\" content=\"https:\/\/bohemia-mallorca.com\/es\/nuestras-companias-de-seguros\/\" \/>\n<meta property=\"og:site_name\" content=\"Bohemia Mallorca\" \/>\n<meta property=\"article:publisher\" content=\"https:\/\/www.facebook.com\/bohemiamallorca\" \/>\n<meta property=\"article:modified_time\" content=\"2023-07-17T00:33:44+00:00\" \/>\n<meta name=\"twitter:card\" content=\"summary_large_image\" \/>\n<meta name=\"twitter:label1\" content=\"Tiempo de lectura\" \/>\n\t<meta name=\"twitter:data1\" content=\"1 minuto\" \/>\n<script type=\"application\/ld+json\" class=\"yoast-schema-graph\">{\"@context\":\"https:\/\/schema.org\",\"@graph\":[{\"@type\":\"WebPage\",\"@id\":\"https:\/\/bohemia-mallorca.com\/es\/nuestras-companias-de-seguros\/\",\"url\":\"https:\/\/bohemia-mallorca.com\/es\/nuestras-companias-de-seguros\/\",\"name\":\"Nuestras compa\u00f1\u00edas de seguros | Bohemia Mallorca\",\"isPartOf\":{\"@id\":\"https:\/\/bohemia-mallorca.com\/es\/#website\"},\"datePublished\":\"2022-12-02T09:07:59+00:00\",\"dateModified\":\"2023-07-17T00:33:44+00:00\",\"description\":\"Bohemia Mallorca coopera con \u00e9xito con todas las compa\u00f1\u00edas de seguros de renombre en Espa\u00f1a.\",\"breadcrumb\":{\"@id\":\"https:\/\/bohemia-mallorca.com\/es\/nuestras-companias-de-seguros\/#breadcrumb\"},\"inLanguage\":\"es\",\"potentialAction\":[{\"@type\":\"ReadAction\",\"target\":[\"https:\/\/bohemia-mallorca.com\/es\/nuestras-companias-de-seguros\/\"]}]},{\"@type\":\"BreadcrumbList\",\"@id\":\"https:\/\/bohemia-mallorca.com\/es\/nuestras-companias-de-seguros\/#breadcrumb\",\"itemListElement\":[{\"@type\":\"ListItem\",\"position\":1,\"name\":\"Startseite\",\"item\":\"https:\/\/bohemia-mallorca.com\/es\/\"},{\"@type\":\"ListItem\",\"position\":2,\"name\":\"Nuestras compa\u00f1\u00edas de seguros\"}]},{\"@type\":\"WebSite\",\"@id\":\"https:\/\/bohemia-mallorca.com\/es\/#website\",\"url\":\"https:\/\/bohemia-mallorca.com\/es\/\",\"name\":\"Bohemia Mallorca\",\"description\":\"Versicherungsmakler\",\"publisher\":{\"@id\":\"https:\/\/bohemia-mallorca.com\/es\/#organization\"},\"alternateName\":\"Bohemia\",\"potentialAction\":[{\"@type\":\"SearchAction\",\"target\":{\"@type\":\"EntryPoint\",\"urlTemplate\":\"https:\/\/bohemia-mallorca.com\/es\/?s={search_term_string}\"},\"query-input\":\"required name=search_term_string\"}],\"inLanguage\":\"es\"},{\"@type\":\"Organization\",\"@id\":\"https:\/\/bohemia-mallorca.com\/es\/#organization\",\"name\":\"Bohemia Mallorca\",\"alternateName\":\"Bohemia\",\"url\":\"https:\/\/bohemia-mallorca.com\/es\/\",\"logo\":{\"@type\":\"ImageObject\",\"inLanguage\":\"es\",\"@id\":\"https:\/\/bohemia-mallorca.com\/es\/#\/schema\/logo\/image\/\",\"url\":\"https:\/\/bohemia-mallorca.com\/wp-content\/uploads\/2022\/11\/Bohemia_Mallorca_Correduria_de_Seguros_Versicherungsmakler.png\",\"contentUrl\":\"https:\/\/bohemia-mallorca.com\/wp-content\/uploads\/2022\/11\/Bohemia_Mallorca_Correduria_de_Seguros_Versicherungsmakler.png\",\"width\":4167,\"height\":1250,\"caption\":\"Bohemia Mallorca\"},\"image\":{\"@id\":\"https:\/\/bohemia-mallorca.com\/es\/#\/schema\/logo\/image\/\"},\"sameAs\":[\"https:\/\/www.facebook.com\/bohemiamallorca\",\"https:\/\/www.instagram.com\/bohemia_mallorca\/\"]}]}<\/script>\n<!-- \/ Yoast SEO Premium plugin. -->","yoast_head_json":{"title":"Nuestras compa\u00f1\u00edas de seguros | Bohemia Mallorca","description":"Bohemia Mallorca coopera con \u00e9xito con todas las compa\u00f1\u00edas de seguros de renombre en Espa\u00f1a.","robots":{"index":"index","follow":"follow","max-snippet":"max-snippet:-1","max-image-preview":"max-image-preview:large","max-video-preview":"max-video-preview:-1"},"canonical":"https:\/\/bohemia-mallorca.com\/es\/nuestras-companias-de-seguros\/","og_locale":"es_ES","og_type":"article","og_title":"Nuestras compa\u00f1\u00edas de seguros","og_description":"Bohemia Mallorca coopera con \u00e9xito con todas las compa\u00f1\u00edas de seguros de renombre en Espa\u00f1a.","og_url":"https:\/\/bohemia-mallorca.com\/es\/nuestras-companias-de-seguros\/","og_site_name":"Bohemia Mallorca","article_publisher":"https:\/\/www.facebook.com\/bohemiamallorca","article_modified_time":"2023-07-17T00:33:44+00:00","twitter_card":"summary_large_image","twitter_misc":{"Tiempo de lectura":"1 minuto"},"schema":{"@context":"https:\/\/schema.org","@graph":[{"@type":"WebPage","@id":"https:\/\/bohemia-mallorca.com\/es\/nuestras-companias-de-seguros\/","url":"https:\/\/bohemia-mallorca.com\/es\/nuestras-companias-de-seguros\/","name":"Nuestras compa\u00f1\u00edas de seguros | Bohemia Mallorca","isPartOf":{"@id":"https:\/\/bohemia-mallorca.com\/es\/#website"},"datePublished":"2022-12-02T09:07:59+00:00","dateModified":"2023-07-17T00:33:44+00:00","description":"Bohemia Mallorca coopera con \u00e9xito con todas las compa\u00f1\u00edas de seguros de renombre en Espa\u00f1a.","breadcrumb":{"@id":"https:\/\/bohemia-mallorca.com\/es\/nuestras-companias-de-seguros\/#breadcrumb"},"inLanguage":"es","potentialAction":[{"@type":"ReadAction","target":["https:\/\/bohemia-mallorca.com\/es\/nuestras-companias-de-seguros\/"]}]},{"@type":"BreadcrumbList","@id":"https:\/\/bohemia-mallorca.com\/es\/nuestras-companias-de-seguros\/#breadcrumb","itemListElement":[{"@type":"ListItem","position":1,"name":"Startseite","item":"https:\/\/bohemia-mallorca.com\/es\/"},{"@type":"ListItem","position":2,"name":"Nuestras compa\u00f1\u00edas de seguros"}]},{"@type":"WebSite","@id":"https:\/\/bohemia-mallorca.com\/es\/#website","url":"https:\/\/bohemia-mallorca.com\/es\/","name":"Bohemia Mallorca","description":"Versicherungsmakler","publisher":{"@id":"https:\/\/bohemia-mallorca.com\/es\/#organization"},"alternateName":"Bohemia","potentialAction":[{"@type":"SearchAction","target":{"@type":"EntryPoint","urlTemplate":"https:\/\/bohemia-mallorca.com\/es\/?s={search_term_string}"},"query-input":"required name=search_term_string"}],"inLanguage":"es"},{"@type":"Organization","@id":"https:\/\/bohemia-mallorca.com\/es\/#organization","name":"Bohemia Mallorca","alternateName":"Bohemia","url":"https:\/\/bohemia-mallorca.com\/es\/","logo":{"@type":"ImageObject","inLanguage":"es","@id":"https:\/\/bohemia-mallorca.com\/es\/#\/schema\/logo\/image\/","url":"https:\/\/bohemia-mallorca.com\/wp-content\/uploads\/2022\/11\/Bohemia_Mallorca_Correduria_de_Seguros_Versicherungsmakler.png","contentUrl":"https:\/\/bohemia-mallorca.com\/wp-content\/uploads\/2022\/11\/Bohemia_Mallorca_Correduria_de_Seguros_Versicherungsmakler.png","width":4167,"height":1250,"caption":"Bohemia Mallorca"},"image":{"@id":"https:\/\/bohemia-mallorca.com\/es\/#\/schema\/logo\/image\/"},"sameAs":["https:\/\/www.facebook.com\/bohemiamallorca","https:\/\/www.instagram.com\/bohemia_mallorca\/"]}]}},"_links":{"self":[{"href":"https:\/\/bohemia-mallorca.com\/es\/wp-json\/wp\/v2\/pages\/31548","targetHints":{"allow":["GET"]}}],"collection":[{"href":"https:\/\/bohemia-mallorca.com\/es\/wp-json\/wp\/v2\/pages"}],"about":[{"href":"https:\/\/bohemia-mallorca.com\/es\/wp-json\/wp\/v2\/types\/page"}],"author":[{"embeddable":true,"href":"https:\/\/bohemia-mallorca.com\/es\/wp-json\/wp\/v2\/users\/1"}],"replies":[{"embeddable":true,"href":"https:\/\/bohemia-mallorca.com\/es\/wp-json\/wp\/v2\/comments?post=31548"}],"version-history":[{"count":0,"href":"https:\/\/bohemia-mallorca.com\/es\/wp-json\/wp\/v2\/pages\/31548\/revisions"}],"wp:attachment":[{"href":"https:\/\/bohemia-mallorca.com\/es\/wp-json\/wp\/v2\/media?parent=31548"}],"curies":[{"name":"wp","href":"https:\/\/api.w.org\/{rel}","templated":true}]}}