{"id":18689,"date":"2022-06-30T14:48:12","date_gmt":"2022-06-30T12:48:12","guid":{"rendered":"https:\/\/bohemia-mallorca.com\/bohe01\/nota-informativa\/"},"modified":"2023-07-07T16:30:51","modified_gmt":"2023-07-07T14:30:51","slug":"nota-informativa","status":"publish","type":"page","link":"https:\/\/bohemia-mallorca.com\/es\/nota-informativa\/","title":{"rendered":"Nota informativa"},"content":{"rendered":"<div class=\"wpb-content-wrapper\"><p>[vc_row full_width=\u00bbstretch_row_content_no_spaces\u00bb full_height=\u00bbyes\u00bb columns_placement=\u00bbstretch\u00bb content_placement=\u00bbtop\u00bb css=\u00bb.vc_custom_1656708409600{background-color: rgba(255,255,255,0.1) !important;*background-color: rgb(255,255,255) !important;}\u00bb el_class=\u00bbzigzag\u00bb][vc_column][vc_row_inner el_class=\u00bbintro-block\u00bb][vc_column_inner][vc_custom_heading text=\u00bbNota informativa\u00bb font_container=\u00bbtag:h1|text_align:left\u00bb el_class=\u00bbheading-size-3&#8243; css=\u00bb.vc_custom_1688740167074{margin-top: 3rem !important;margin-bottom: 3rem !important;}\u00bb][\/vc_column_inner][\/vc_row_inner][vc_row_inner el_class=\u00bbintro-block\u00bb][vc_column_inner][vc_column_text]<\/p>\n<p>En cumplimiento de las exigencias de informaci\u00f3n que establece el Real Decreto-ley 3\/2020, de 4 de febrero, de medidas urgentes por el directivas de la Uni\u00f3n Europea en el \u00e1mbito de la contrataci\u00f3n p\u00fablica en determinados sectores; de seguros privados; de planes y fondos de pensiones; del \u00e1mbito tributario y de litigios fiscales, informamos.<\/p>\n<h5>Distribuidor del seguro<\/h5>\n<p>BOHEMIA MALLORCA S.L.U. Corredur\u00eda de Seguros<br \/>\nDirecci\u00f3n: 07609 Llucmajor<br \/>\nN\u00famero de Autorizaci\u00f3n Administrativa: DGSFP J4078<br \/>\nTel\u00e9fono 644 119 287<br \/>\nCorreo electr\u00f3nico: <a href=\"mailto:info@bohemia-mallorca.com\">info@bohemia-mallorca.com<\/a><br \/>\nCapacidad financiera y seguro de responsabilidad civil concertado seg\u00fan legislaci\u00f3n.<\/p>\n<h5>Inscripcion en registro administrativo<\/h5>\n<p>BOHEMIA MALLORCA S.L.U., Corredur\u00eda de Seguros, est\u00e1 inscrita en el Registro Mercantil de Mallorca c\/ Alfons El Magnanim, 2 4 y 5 PI 07004 Palma al Tomo 2945, folio 144, secci\u00f3n 1, hoja n\u00famero PM-93618, inscripci\u00f3n en el Registro Administrativo Especial de la DGSFP J4078 \u2013 RC Profesional CGPA EUROPE UNDERWRITING, ES-CS2022-901020.<\/p>\n<h5>Servicio de atencion al cliente<\/h5>\n<p>De conformidad con lo establecido en la Orden ECO 734\/2004, de 11 de marzo (BOE 24 de marzo de 2004), le informamos que si desea formular cualquier queja o reclamaci\u00f3n relativa a nuestra intervenci\u00f3n como mediadores, puede dirigirse a nuestro Departamento de Atenci\u00f3n al Cliente, cuya direcci\u00f3n de correo electr\u00f3nico es <a href=\"mailto:jorge.campos@grupow2b.es\">jorge.campos@grupow2b.es<\/a>, que tiene un plazo de dos meses para resolver.<\/p>\n<p>En el supuesto de que no estuviera de a cuerdo con la resoluci\u00f3n del servicio de atenci\u00f3n al cliente puede presentar en segunda instancia la queja o reclamaci\u00f3n ante el titular del Servicio de Reclamaciones de la Direcci\u00f3n General de Seguros y Fondos de Pensiones. Este procedimiento es escrito y las consultas, quejas y reclamaciones se pueden presentar de dos formas:<\/p>\n<ul>\n<li>En soporte papel, dirigiendo el escrito al Servicio de Reclamaciones de la Direcci\u00f3n General de Seguros y Fondos de Pensiones, situado en Paseo de la Castellana 44, 28046 Madrid<\/li>\n<li>Por v\u00eda telem\u00e1tica con firma electr\u00f3nica, a trav\u00e9s de Seguros y Fondos de Pensiones.<\/li>\n<\/ul>\n<h5>Actividad de mediaci\u00f3n<\/h5>\n<p>La actividad que Bohemia Mallorca S.L.U. desarrolla es la actividad de mediaci\u00f3n, que consiste en la presentaci\u00f3n, propuesta o realizaci\u00f3n de trabajos previos a la de estos contratos, as\u00ed como la asistencia en la gesti\u00f3n y ejecuci\u00f3n de dichos contratos, en particular en caso de siniestro. Son obligaciones de BOHEMIA MALLORCA S.L.U., adem\u00e1s de ofrecer informaci\u00f3n veraz y suficiente, la de realizar la actividad de mediaci\u00f3n sin mantener v\u00ednculos de afecci\u00f3n con entidades aseguradoras, dando consejo independiente, profesional e imparcial a sus Clientes y facilitando durante la vigencia del contrato, al tomador, asegurado o beneficiado del seguro, la informaci\u00f3n que reclame sobre cualquier cl\u00e1usula de la p\u00f3liza y en caso de siniestro, a prestar su asistencia y asesoramiento.<\/p>\n<p>Le informamos que ni BOHEMIA MALLORCA S.L.U. ni sus socios, poseen participaci\u00f3n directa o indirecta en el capital social o en los derechos de voto de cualquier Compa\u00f1\u00eda Aseguradora, ni estas participan en el capital social de Bohema Mallorca S.L.U.<br \/>\nBohemia Mallorca S.L.U. no realiza la distribuci\u00f3n en exclusiva para ninguna entidad.<\/p>\n<h5>Asesoramiento basado en an\u00e1lisis objetivo<\/h5>\n<p>Bohemia Mallorca S.L.U. act\u00faa en representaci\u00f3n de su cliente, y no de las Entidades Aseguradoras, y ofrece asesoramiento en relaci\u00f3n con los productos comercializados, siendo la base del asesoramiento la realizaci\u00f3n de un an\u00e1lisis objetivo personalizado. Informando al cliente sobre las condiciones del contrato que seg\u00fan sus conocimientos y experiencia, conviene suscribir y que mejor cobertura ofrece a sus necesidades, velando por la concurrencia de los requisitos que ha de reunir la p\u00f3liza de seguros para su eficacia y plenitud de efectos.<\/p>\n<p>Base del an\u00e1lisis de contratos de seguro del ramo sometido a consideraci\u00f3n, recomienda suscribir el contrato solicitado por los siguientes motivos:<\/p>\n<ul>\n<li>Las coberturas ofrecidas se ajustan a las necesidades indicadas por el cliente.<\/li>\n<li>Se ha realizado un an\u00e1lisis objetivo de los productos existentes en el mercado.<\/li>\n<li>El precio est\u00e1 dentro de los par\u00e1metros medios para este producto.<\/li>\n<li>La gesti\u00f3n de siniestros cumple con los requisitos m\u00ednimos fijados por BOHEMIA MALLORCA S.L.U.<\/li>\n<li>La solvencia de la Aseguradora est\u00e1 regulada y vigilada por la Direcci\u00f3n General de Seguros y Fondos de Pensiones.<\/li>\n<\/ul>\n<h5>Remuneracion<\/h5>\n<p>La remuneraci\u00f3n de BOHEMIA MALLORCA S.L.U. se realiza en forma de comisiones incluidas en la prima del seguro.<br \/>\nSi las partes acuerdan de forma general o para uno o varios contratos, retribuci\u00f3n en forma de honorarios profesionales, las condiciones se formalizar\u00e1n mediante un acuerdo por escrito.<\/p>\n<h5>Proteccion de datos<\/h5>\n<p>El Real Decreto-Ley 3\/2020, de 4 de febrero, o cualquier norma que el Corredor (BOHEMIA MALLORCA S.L.U.) para tratar los datos de las personas que a ellos se dirijan, sin necesidad de su consentimiento:<\/p>\n<ul>\n<li>Antes de celebrar el contrato: para ofrecerles asesoramiento independiente, profesional e imparcial, y facilitar dichos datos a cuantas Entidades Aseguradoras (destinatarios) sea preciso, con el fin de que por \u00e9stas se proceda a cotizar el riesgo objeto de ulterior cobertura, as\u00ed como para un correcto desenvolvimiento de las restantes funciones<\/li>\n<li>Despu\u00e9s de celebrado el contrato, para facilitar al tomador, al asegurado y al beneficiario del seguro la informaci\u00f3n que reclamen sobre cualquiera de las cl\u00e1usulas de la p\u00f3liza y, en caso de siniestro, a prestarles su asistencia y asesoramiento.<\/li>\n<li>Todas estas finalidades tienen base leg\u00edtima en su consentimiento, tanto las propias del contrato que suscribe con esta Corredur\u00eda como la\/s p\u00f3liza\/s que en su caso se formalicen.<\/li>\n<\/ul>\n<p>Igualmente, su consentimiento es la base de los tratamientos publicitarios que VD. autorice, sin que en ning\u00fan caso la retirada de ese consentimiento condicione la ejecuci\u00f3n del contrato de Mediaci\u00f3n.<\/p>\n<p>BOHEMIA MALLORCA S.L.U. como responsable del tratamiento de los datos le informa que los mismos se incluir\u00e1n en ficheros automatizados que se destinar\u00e1n al cumplimiento de la actividad de Corredur\u00eda de Seguros, y ser\u00e1n tratados de forma absolutamente confidencial, siendo conservados mientras dure la relaci\u00f3n del contrato de seguro suscrito con el asesoramiento de la Corredur\u00eda, y hasta la de la misma, momento en que ser\u00e1n cancelados.<\/p>\n<p>El Cliente podr\u00e1 dirigirse por escrito a la Corredur\u00eda para ejercitar los DERECHOS DE ACCESO, RECTIFICACION, OPOSICION, LIMITACION, SUPRESION Y PORTABILIDAD, todo ello conforme a la normativa vigente en materia de protecci\u00f3n de datos. Existen en la corredur\u00eda formularios a su disposici\u00f3n, para poder ejercitar los derechos citados.<\/p>\n<p>Le informamos que la autoridad de control en materia de protecci\u00f3n de datos es la AGENCIA ESPA\u00d1OLA DE PROTECCION DE DATOS, con direcci\u00f3n en Madrid, C\/ Jorge Juan 6, C\u00f3digo Postal 28001, a efecto de reclamaciones en esta materia.<\/p>\n<p>[\/vc_column_text][\/vc_column_inner][\/vc_row_inner][vc_row_inner el_class=\u00bbintro-block\u00bb][vc_column_inner][vc_custom_heading text=\u00bbLa gesti\u00f3n de su seguro con BOHEMIA MALLORCA S.L.U.\u00bb][\/vc_column_inner][\/vc_row_inner][vc_row_inner el_class=\u00bbintro-block\u00bb][vc_column_inner][vc_column_text]<\/p>\n<h5>Formalizaci\u00f3n del contrato<\/h5>\n<p>Una vez decidida la opci\u00f3n a contratar, BOHEMIA MALLORCA S.L.U. se encarga de la gesti\u00f3n de la emisi\u00f3n del contrato en la compa\u00f1\u00eda aseguradora, entreg\u00e1ndole la p\u00f3liza en formato papel o mediante env\u00edo en formato electr\u00f3nico. Usted deber\u00e1 firmar la p\u00f3liza en soporte f\u00edsico o mediante firma digital, producto contratado.<\/p>\n<h5>Modificaciones<\/h5>\n<p>Cualquier modificaci\u00f3n puede realizar mediante comunicaci\u00f3n escrita dirigida a <a href=\"mailto:info@bohemia.mallorca.com\">info@bohemia.mallorca.com<\/a><br \/>\nBOHEMIA MALLORCA S.L.U. validar\u00e1 la informaci\u00f3n y gestionar\u00e1 la misma con la aseguradora.<\/p>\n<h5>Siniestros<\/h5>\n<p>En nuestra web dispone de los tel\u00e9fonos de asistencia para comunicar y tramitar cualquier siniestro.<br \/>\nEnlace para acceso a la informaci\u00f3n en nuestra web: <a href=\"https:\/\/bohemia-mallorca.com\/es\/login\/\">https:\/\/bohemia-mallorca.com\/es\/login\/<\/a><br \/>\nAdem\u00e1s, si la incidencia no requiere de una gesti\u00f3n urgente, le recomendamos informarnos mediante comunicaci\u00f3n escrita dirigida a <a href=\"mailto:info@bohemia-mallorca.com\">info@bohemia-mallorca.com<\/a>, para poder realizar una gesti\u00f3n activa y seguimiento de expediente.<\/p>\n<h5>Anulaciones<\/h5>\n<p>Para solicitar una anulaci\u00f3n de un contrato, deber\u00e1 dirigir escrito comunicando la anulaci\u00f3n a <a href=\"mailto:info@bohemia-mallorca.com\">info@bohemia-mallorca.com<\/a>, acompa\u00f1ado de copia de su NIF, como m\u00ednimo 30 d\u00edas antes del vencimiento de la p\u00f3liza.<\/p>\n<h5>Consultas<\/h5>\n<p>Atendemos sus consultas telef\u00f3nicamente en los tel\u00e9fonos +34 644 119 287 o mediante escrito dirigido a <a href=\"mailto:info@bohemia-mallorca.com\">info@bohemia-mallorca.com<\/a>.<br \/>\nTiene adem\u00e1s a su disposici\u00f3n la plataforma mi p\u00f3lizas (<a href=\"https:\/\/bohemia-mallorca.com\/es\/login\/\">https:\/\/bohemia-mallorca.com\/es\/login\/<\/a>), a la cual podr\u00e1 acceder para consultar sus p\u00f3lizas, recibos y siniestros. Solicite sus claves de acceso en <a href=\"mailto:info@bohemia-mallorca.com\">info@bohemia-mallorca.com<\/a>.<\/p>\n<p>[\/vc_column_text][\/vc_column_inner][\/vc_row_inner][vc_row_inner el_class=\u00bbforms-newdetails\u00bb][vc_column_inner]<div class=\"vc_btn3-container  bohe-close-btn vc_btn3-inline\"><button class=\"vc_general vc_btn3 vc_btn3-size-md vc_btn3-shape-rounded vc_btn3-style-modern btn-close\">schliessen<\/button><\/div><div class=\"form-back\"><div class=\"beratung-container\"><\/div><\/div>[\/vc_column_inner][\/vc_row_inner][\/vc_column][\/vc_row]<\/p>\n<\/div>","protected":false},"excerpt":{"rendered":"<p>[vc_row full_width=\u00bbstretch_row_content_no_spaces\u00bb full_height=\u00bbyes\u00bb columns_placement=\u00bbstretch\u00bb content_placement=\u00bbtop\u00bb css=\u00bb.vc_custom_1656708409600{background-color: rgba(255,255,255,0.1) !important;*background-color: rgb(255,255,255) !important;}\u00bb el_class=\u00bbzigzag\u00bb][vc_column][vc_row_inner el_class=\u00bbintro-block\u00bb][vc_column_inner][vc_custom_heading text=\u00bbNota informativa\u00bb font_container=\u00bbtag:h1|text_align:left\u00bb el_class=\u00bbheading-size-3&#8243; css=\u00bb.vc_custom_1688740167074{margin-top: 3rem !important;margin-bottom: 3rem !important;}\u00bb][\/vc_column_inner][\/vc_row_inner][vc_row_inner el_class=\u00bbintro-block\u00bb][vc_column_inner][vc_column_text] En cumplimiento de las exigencias de&hellip;<\/p>\n","protected":false},"author":1,"featured_media":0,"parent":0,"menu_order":14,"comment_status":"closed","ping_status":"closed","template":"template-content.php","meta":{"_acf_changed":false,"inline_featured_image":false,"footnotes":""},"class_list":["post-18689","page","type-page","status-publish","has-post-thumbnail","hentry"],"acf":[],"yoast_head":"<!-- This site is optimized with the Yoast SEO Premium plugin v22.1 (Yoast SEO v22.6) - https:\/\/yoast.com\/wordpress\/plugins\/seo\/ -->\n<title>Nota informativa | Bohemia Mallorca<\/title>\n<meta name=\"description\" content=\"Nota informativa\" \/>\n<meta name=\"robots\" content=\"noindex, nofollow\" \/>\n<meta property=\"og:locale\" content=\"es_ES\" \/>\n<meta property=\"og:type\" content=\"article\" \/>\n<meta property=\"og:title\" content=\"Nota informativa\" \/>\n<meta property=\"og:description\" content=\"Nota informativa\" \/>\n<meta property=\"og:url\" content=\"https:\/\/bohemia-mallorca.com\/es\/nota-informativa\/\" \/>\n<meta property=\"og:site_name\" content=\"Bohemia Mallorca\" \/>\n<meta property=\"article:publisher\" content=\"https:\/\/www.facebook.com\/bohemiamallorca\" \/>\n<meta property=\"article:modified_time\" content=\"2023-07-07T14:30:51+00:00\" \/>\n<meta name=\"twitter:card\" content=\"summary_large_image\" \/>\n<meta name=\"twitter:label1\" content=\"Tiempo de lectura\" \/>\n\t<meta name=\"twitter:data1\" content=\"8 minutos\" \/>\n<script type=\"application\/ld+json\" class=\"yoast-schema-graph\">{\"@context\":\"https:\/\/schema.org\",\"@graph\":[{\"@type\":\"WebPage\",\"@id\":\"https:\/\/bohemia-mallorca.com\/es\/nota-informativa\/\",\"url\":\"https:\/\/bohemia-mallorca.com\/es\/nota-informativa\/\",\"name\":\"Nota informativa | Bohemia Mallorca\",\"isPartOf\":{\"@id\":\"https:\/\/bohemia-mallorca.com\/es\/#website\"},\"datePublished\":\"2022-06-30T12:48:12+00:00\",\"dateModified\":\"2023-07-07T14:30:51+00:00\",\"description\":\"Nota informativa\",\"breadcrumb\":{\"@id\":\"https:\/\/bohemia-mallorca.com\/es\/nota-informativa\/#breadcrumb\"},\"inLanguage\":\"es\",\"potentialAction\":[{\"@type\":\"ReadAction\",\"target\":[\"https:\/\/bohemia-mallorca.com\/es\/nota-informativa\/\"]}]},{\"@type\":\"BreadcrumbList\",\"@id\":\"https:\/\/bohemia-mallorca.com\/es\/nota-informativa\/#breadcrumb\",\"itemListElement\":[{\"@type\":\"ListItem\",\"position\":1,\"name\":\"Startseite\",\"item\":\"https:\/\/bohemia-mallorca.com\/es\/\"},{\"@type\":\"ListItem\",\"position\":2,\"name\":\"Nota informativa\"}]},{\"@type\":\"WebSite\",\"@id\":\"https:\/\/bohemia-mallorca.com\/es\/#website\",\"url\":\"https:\/\/bohemia-mallorca.com\/es\/\",\"name\":\"Bohemia Mallorca\",\"description\":\"Versicherungsmakler\",\"publisher\":{\"@id\":\"https:\/\/bohemia-mallorca.com\/es\/#organization\"},\"alternateName\":\"Bohemia\",\"potentialAction\":[{\"@type\":\"SearchAction\",\"target\":{\"@type\":\"EntryPoint\",\"urlTemplate\":\"https:\/\/bohemia-mallorca.com\/es\/?s={search_term_string}\"},\"query-input\":\"required name=search_term_string\"}],\"inLanguage\":\"es\"},{\"@type\":\"Organization\",\"@id\":\"https:\/\/bohemia-mallorca.com\/es\/#organization\",\"name\":\"Bohemia Mallorca\",\"alternateName\":\"Bohemia\",\"url\":\"https:\/\/bohemia-mallorca.com\/es\/\",\"logo\":{\"@type\":\"ImageObject\",\"inLanguage\":\"es\",\"@id\":\"https:\/\/bohemia-mallorca.com\/es\/#\/schema\/logo\/image\/\",\"url\":\"https:\/\/bohemia-mallorca.com\/wp-content\/uploads\/2022\/11\/Bohemia_Mallorca_Correduria_de_Seguros_Versicherungsmakler.png\",\"contentUrl\":\"https:\/\/bohemia-mallorca.com\/wp-content\/uploads\/2022\/11\/Bohemia_Mallorca_Correduria_de_Seguros_Versicherungsmakler.png\",\"width\":4167,\"height\":1250,\"caption\":\"Bohemia Mallorca\"},\"image\":{\"@id\":\"https:\/\/bohemia-mallorca.com\/es\/#\/schema\/logo\/image\/\"},\"sameAs\":[\"https:\/\/www.facebook.com\/bohemiamallorca\",\"https:\/\/www.instagram.com\/bohemia_mallorca\/\"]}]}<\/script>\n<!-- \/ Yoast SEO Premium plugin. -->","yoast_head_json":{"title":"Nota informativa | Bohemia Mallorca","description":"Nota informativa","robots":{"index":"noindex","follow":"nofollow"},"og_locale":"es_ES","og_type":"article","og_title":"Nota informativa","og_description":"Nota informativa","og_url":"https:\/\/bohemia-mallorca.com\/es\/nota-informativa\/","og_site_name":"Bohemia Mallorca","article_publisher":"https:\/\/www.facebook.com\/bohemiamallorca","article_modified_time":"2023-07-07T14:30:51+00:00","twitter_card":"summary_large_image","twitter_misc":{"Tiempo de lectura":"8 minutos"},"schema":{"@context":"https:\/\/schema.org","@graph":[{"@type":"WebPage","@id":"https:\/\/bohemia-mallorca.com\/es\/nota-informativa\/","url":"https:\/\/bohemia-mallorca.com\/es\/nota-informativa\/","name":"Nota informativa | Bohemia Mallorca","isPartOf":{"@id":"https:\/\/bohemia-mallorca.com\/es\/#website"},"datePublished":"2022-06-30T12:48:12+00:00","dateModified":"2023-07-07T14:30:51+00:00","description":"Nota informativa","breadcrumb":{"@id":"https:\/\/bohemia-mallorca.com\/es\/nota-informativa\/#breadcrumb"},"inLanguage":"es","potentialAction":[{"@type":"ReadAction","target":["https:\/\/bohemia-mallorca.com\/es\/nota-informativa\/"]}]},{"@type":"BreadcrumbList","@id":"https:\/\/bohemia-mallorca.com\/es\/nota-informativa\/#breadcrumb","itemListElement":[{"@type":"ListItem","position":1,"name":"Startseite","item":"https:\/\/bohemia-mallorca.com\/es\/"},{"@type":"ListItem","position":2,"name":"Nota informativa"}]},{"@type":"WebSite","@id":"https:\/\/bohemia-mallorca.com\/es\/#website","url":"https:\/\/bohemia-mallorca.com\/es\/","name":"Bohemia Mallorca","description":"Versicherungsmakler","publisher":{"@id":"https:\/\/bohemia-mallorca.com\/es\/#organization"},"alternateName":"Bohemia","potentialAction":[{"@type":"SearchAction","target":{"@type":"EntryPoint","urlTemplate":"https:\/\/bohemia-mallorca.com\/es\/?s={search_term_string}"},"query-input":"required name=search_term_string"}],"inLanguage":"es"},{"@type":"Organization","@id":"https:\/\/bohemia-mallorca.com\/es\/#organization","name":"Bohemia Mallorca","alternateName":"Bohemia","url":"https:\/\/bohemia-mallorca.com\/es\/","logo":{"@type":"ImageObject","inLanguage":"es","@id":"https:\/\/bohemia-mallorca.com\/es\/#\/schema\/logo\/image\/","url":"https:\/\/bohemia-mallorca.com\/wp-content\/uploads\/2022\/11\/Bohemia_Mallorca_Correduria_de_Seguros_Versicherungsmakler.png","contentUrl":"https:\/\/bohemia-mallorca.com\/wp-content\/uploads\/2022\/11\/Bohemia_Mallorca_Correduria_de_Seguros_Versicherungsmakler.png","width":4167,"height":1250,"caption":"Bohemia Mallorca"},"image":{"@id":"https:\/\/bohemia-mallorca.com\/es\/#\/schema\/logo\/image\/"},"sameAs":["https:\/\/www.facebook.com\/bohemiamallorca","https:\/\/www.instagram.com\/bohemia_mallorca\/"]}]}},"_links":{"self":[{"href":"https:\/\/bohemia-mallorca.com\/es\/wp-json\/wp\/v2\/pages\/18689","targetHints":{"allow":["GET"]}}],"collection":[{"href":"https:\/\/bohemia-mallorca.com\/es\/wp-json\/wp\/v2\/pages"}],"about":[{"href":"https:\/\/bohemia-mallorca.com\/es\/wp-json\/wp\/v2\/types\/page"}],"author":[{"embeddable":true,"href":"https:\/\/bohemia-mallorca.com\/es\/wp-json\/wp\/v2\/users\/1"}],"replies":[{"embeddable":true,"href":"https:\/\/bohemia-mallorca.com\/es\/wp-json\/wp\/v2\/comments?post=18689"}],"version-history":[{"count":0,"href":"https:\/\/bohemia-mallorca.com\/es\/wp-json\/wp\/v2\/pages\/18689\/revisions"}],"wp:attachment":[{"href":"https:\/\/bohemia-mallorca.com\/es\/wp-json\/wp\/v2\/media?parent=18689"}],"curies":[{"name":"wp","href":"https:\/\/api.w.org\/{rel}","templated":true}]}}