{"id":4979,"date":"2022-03-05T09:01:55","date_gmt":"2022-03-05T08:01:55","guid":{"rendered":"https:\/\/bohemia-mallorca.com\/bohe01\/avis-legal\/"},"modified":"2023-07-07T16:32:37","modified_gmt":"2023-07-07T14:32:37","slug":"avis-legal","status":"publish","type":"page","link":"https:\/\/bohemia-mallorca.com\/ca\/avis-legal\/","title":{"rendered":"Av\u00eds legal"},"content":{"rendered":"<div class=\"wpb-content-wrapper\"><p>[vc_row full_width=&#8221;stretch_row&#8221; full_height=&#8221;yes&#8221; columns_placement=&#8221;stretch&#8221; content_placement=&#8221;top&#8221; css=&#8221;.vc_custom_1649620216410{background-color: rgba(255,255,255,0.1) !important;*background-color: rgb(255,255,255) !important;}&#8221; el_class=&#8221;zigzag&#8221;][vc_column][vc_row_inner el_class=&#8221;intro-block&#8221;][vc_column_inner][vc_custom_heading text=&#8221;Av\u00eds legal i condicions generals d\u00fas&#8221; font_container=&#8221;tag:h1|text_align:left&#8221; el_class=&#8221;heading-size-3&#8243; css=&#8221;.vc_custom_1688740090503{margin-top: 3rem !important;margin-bottom: 3rem !important;}&#8221;][vc_column_text]<\/p>\n<h5>I. Informaci\u00f3 general<\/h5>\n<p>En compliment amb el deure informaci\u00f3 disposat a la Llei 34\/2002 de Serveis de la Societat de la Informaci\u00f3 i el Comer\u00e7 Electr\u00f2nic (LSSI-CE) d&#8217;11 de juliol, es faciliten a continuaci\u00f3 les dades d&#8217;informaci\u00f3 general seg\u00fcents d&#8217;aquest lloc web :<\/p>\n<p>La titularitat d&#8217;aquest lloc web, bohemia-mallorca.com, (d&#8217;ara endavant, Lloc Web) l&#8217;ostenta: BOHEMIA MALLORCA S.L.U., prove\u00efda, inscrita al Registre Mercantil de Mallorca c\/ Alfons El Magnanim, 2 4 i 5 PI 07004 Palma al Tom 2945, foli 144, secci\u00f3 1, full n\u00famero PM-93618, inscripci\u00f3 al Registre Administratiu Especial de la DGSFP J4078 \u2013 RC Professional CGPA EUROPE UNDERWRITING, ES-CS2022-901020. El representant del qual \u00e9s: Cristina Ferrari, les dades de contacte del qual s\u00f3n:<\/p>\n<p>Adre\u00e7a: 07609 Llucmajor<br \/>\nTel\u00e8fon de contacte: +34 644 119 287<br \/>\nEmail de contacte: <a href=\"mailto:info@bohemia-mallorca.com\">info@bohemia-mallorca.com<\/a><\/p>\n<p>[\/vc_column_text][vc_column_text]<\/p>\n<h5>II. Termes i condicions generals d\u00fas<\/h5>\n<p><strong>L&#8217;objecte de les condicions: El Lloc Web<\/strong><br \/>\nL&#8217;objecte d&#8217;aquestes Condicions Generals d&#8217;\u00das (d&#8217;ara endavant, Condicions) \u00e9s regular l&#8217;acc\u00e9s i la utilitzaci\u00f3 del Lloc Web. Als efectes de les presents Condicions s&#8217;entendr\u00e0 com a Lloc Web: l&#8217;aparen\u00e7a externa de les interf\u00edcies de pantalla, tant de forma est\u00e0tica com de forma din\u00e0mica, \u00e9s a dir, l&#8217;arbre de navegaci\u00f3; i tots els elements integrats tant a les interf\u00edcies de pantalla com a l&#8217;arbre de navegaci\u00f3 (d&#8217;ara endavant, Continguts) i tots aquells serveis o recursos en l\u00ednia que si escau ofereixi als Usuaris (d&#8217;ara endavant, Serveis).<\/p>\n<p>BOH\u00c8MIA MALLORCA S.L.U. Corredur\u00eda de Seguros es reserva la facultat de modificar, en qualsevol moment, i sense av\u00eds previ, la presentaci\u00f3 i configuraci\u00f3 del Lloc Web i dels Continguts i Serveis que hi poguessin estar incorporats. L&#8217;usuari reconeix i accepta que en qualsevol moment BOHEMIA MALLORCA S.L.U. Corredoria d&#8217;Assegurances pugui interrompre, desactivar i\/o cancel\u00b7lar qualsevol d&#8217;aquests elements que s&#8217;integren al Lloc Web o accedir-hi.<\/p>\n<p>L&#8217;acc\u00e9s al Lloc Web per l&#8217;Usuari t\u00e9 car\u00e0cter lliure i, per regla general, \u00e9s gratu\u00eft sense que l&#8217;Usuari hagi de proporcionar una contraprestaci\u00f3 per poder-ne gaudir, llevat del cost de connexi\u00f3 a trav\u00e9s de la xarxa de telecomunicacions subministrada pel prove\u00efdor d&#8217;acc\u00e9s que hagi contractat l&#8217;usuari.<\/p>\n<p>La utilitzaci\u00f3 d&#8217;algun dels Continguts o Serveis del Lloc Web es pot fer mitjan\u00e7ant la subscripci\u00f3 o el registre previ de l&#8217;Usuari.<\/p>\n<p><strong>L&#8217;Usuari<\/strong><br \/>\nL&#8217;acc\u00e9s, la navegaci\u00f3 i l&#8217;\u00fas del Lloc Web, aix\u00ed com pels espais habilitats per interactuar entre els Usuaris, i l&#8217;Usuari i BOHEMIA MALLORCA S.L.U. Corredoria d&#8217;Assegurances, com els comentaris i\/o espais de blogging, confereix la condici\u00f3 d&#8217;Usuari, per la qual cosa s&#8217;accepten, des que s&#8217;inicia la navegaci\u00f3 pel Lloc Web, totes les Condicions aqu\u00ed establertes, aix\u00ed com les modificacions ulteriors, sense perjudici de l&#8217;aplicaci\u00f3 de la corresponent normativa legal de compliment obligat segons el cas. Atesa la rellev\u00e0ncia de l&#8217;anterior, es recomana a l&#8217;Usuari llegir-les cada vegada que visiteu el Lloc Web.<\/p>\n<p>El Lloc Web de BOHEMIA MALLORCA S.L.U. Corredoria d&#8217;Assegurances proporciona una gran diversitat d&#8217;informaci\u00f3, serveis i dades. L&#8217;Usuari assumeix la seva responsabilitat per fer un \u00fas correcte del Lloc Web. Aquesta responsabilitat s&#8217;estendr\u00e0 a:<\/p>\n<ul>\n<li>Un \u00fas de la informaci\u00f3, continguts i\/o serveis i dades ofertes per BOHEMIA MALLORCA S.L.U. Corredoria d&#8217;Assegurances sense que sigui contrari al que disposen aquestes Condicions, la Llei, la moral o l&#8217;ordre p\u00fablic, o que de qualsevol altra manera puguin suposar lesi\u00f3 dels drets de tercers o del mateix funcionament del Lloc Web.<\/li>\n<li>La veracitat i licitud de les informacions aportades per l&#8217;Usuari als formularis estesos per BOHEMIA MALLORCA S.L.U. Corredoria d&#8217;assegurances per a l&#8217;acc\u00e9s a certs continguts o serveis oferts pel Lloc Web. En tot cas, l&#8217;Usuari notificar\u00e0 de manera immediata a BOHEMIA MALLORCA S.L.U. Corredoria d&#8217;Assegurances sobre qualsevol fet que permeti l&#8217;\u00fas indegut de la informaci\u00f3 registrada en aquests formularis, com ara, per\u00f2 no nom\u00e9s, el robatori, la p\u00e8rdua, o l&#8217;acc\u00e9s no autoritzat a identificadors i\/o contrasenyes, per tal de procedir a cancel\u00b7laci\u00f3 immediata.<\/li>\n<\/ul>\n<p>BOH\u00c8MIA MALLORCA S.L.U. Corredur\u00eda de Seguros es reserva el dret de retirar tots aquells comentaris i aportacions que vulnerin la llei, el respecte a la dignitat de la persona, que siguin discriminatoris, xen\u00f2fobs, racistes, pornogr\u00e0fics, spamming, que atemptin contra la joventut o la inf\u00e0ncia, ordre o la seguretat p\u00fablica o que, a parer seu, no resultessin adequats per a la seva publicaci\u00f3.<\/p>\n<p>En qualsevol cas, BOH\u00c8MIA MALLORCA S.L.U. Corredoria de Seguros no ser\u00e0 responsable de les opinions abocades pels Usuaris a trav\u00e9s de comentaris o altres eines de blogging o de participaci\u00f3 que hi pugui haver.<\/p>\n<p>El mer acc\u00e9s a aquest Lloc Web no suposa entaular cap mena de relaci\u00f3 de car\u00e0cter comercial entre BOHEMIA MALLORCA S.L.U. Corredoria d&#8217;assegurances i l&#8217;usuari.<\/p>\n<p>L&#8217;Usuari declara que \u00e9s m\u00e9s gran i disposar de la capacitat jur\u00eddica suficient per vincular-se per aquestes Condicions. Per tant, aquest Lloc Web de BOHEMIA MALLORCA S.L.U. Corredoria d&#8217;assegurances no s&#8217;adre\u00e7a a menors d&#8217;edat. BOH\u00c8MIA MALLORCA S.L.U. Corredoria de Seguros declina qualsevol responsabilitat per l&#8217;incompliment d&#8217;aquest requisit.<\/p>\n<p>El Lloc Web est\u00e0 dirigit principalment a Usuaris residents a Espanya. BOH\u00c8MIA MALLORCA S.L.U. Corredor\u00eda de Seguros no assegura que el Lloc Web compleixi amb legislacions d&#8217;altres pa\u00efsos, ja sigui totalment o parcialment. Si l&#8217;Usuari resideix o t\u00e9 el domiciliat en un altre lloc i decideix accedir i\/o navegar al Lloc Web ho far\u00e0 sota la seva pr\u00f2pia responsabilitat, assegureu-vos que aquest acc\u00e9s i navegaci\u00f3 compleix amb la legislaci\u00f3 local que us \u00e9s aplicable, no assumint BOHEMIA MALLORCA S.L.U. Corredoria d&#8217;Assegurances cap responsabilitat que se&#8217;n pugui derivar.<\/p>\n<p>[\/vc_column_text][vc_column_text]<\/p>\n<h5>III. Acc\u00e9s i navegaci\u00f3 al lloc web: exclusi\u00f3 de garanties i responsabilitat<\/h5>\n<p>BOH\u00c8MIA MALLORCA S.L.U. Corredoria de Seguros no garanteix la continu\u00eftat, disponibilitat i utilitat del Lloc Web, ni dels Continguts o Serveis. BOH\u00c8MIA MALLORCA S.L.U. Corredoria de Seguros far\u00e0 tot el possible pel bon funcionament del Lloc Web, per\u00f2, no es responsabilitza ni garanteix que l&#8217;acc\u00e9s a aquest Lloc Web no sigui ininterromput o que estigui lliure d&#8217;error.<\/p>\n<p>Tampoc no es responsabilitza o garanteix que el contingut o programari al qual es pugui accedir a trav\u00e9s d&#8217;aquest Lloc Web, estigui lliure d&#8217;error o causi un dany al sistema inform\u00e0tic (programari i maquinari) de l&#8217;Usuari. En cap cas BOH\u00c8MIA MALLORCA S.L.U. Corredoria d&#8217;Assegurances ser\u00e0 responsable per les p\u00e8rdues, danys o perjudicis de qualsevol tipus que sorgeixin per l&#8217;acc\u00e9s, la navegaci\u00f3 i l&#8217;\u00fas del Lloc Web, incloent-hi, per\u00f2 no limitant-se, els ocasionats als sistemes inform\u00e0tics o els provocats per la introducci\u00f3 de virus.<\/p>\n<p>BOH\u00c8MIA MALLORCA S.L.U. Corredoria de Seguros tampoc no es fa responsable dels danys que poguessin ocasionar-se als usuaris per un \u00fas inadequat d&#8217;aquest Lloc Web. En particular, no es fa responsable de cap manera de les caigudes, interrupcions, falta o defecte de les telecomunicacions que poguessin oc\u00f3rrer.<\/p>\n<p>[\/vc_column_text][vc_column_text]<\/p>\n<h5>IV. Pol\u00edtica d&#8217;enlla\u00e7os<\/h5>\n<p>S&#8217;informa que el Lloc Web de BOHEMIA MALLORCA S.L.U. Corredoria de Seguros posa o pot posar a disposici\u00f3 dels Usuaris mitjans d&#8217;enlla\u00e7 (com, entre d&#8217;altres, links, banners, botons), directoris i motors de cerca que permeten als Usuaris accedir a llocs web pertanyents i\/o gestionats per tercers.<\/p>\n<p>La instal\u00b7laci\u00f3 d&#8217;aquests enlla\u00e7os, directoris i motors de cerca al Lloc Web t\u00e9 per objecte facilitar als Usuaris la cerca de i acc\u00e9s a la informaci\u00f3 disponible a Internet, sense que es pugui considerar un suggeriment, recomanaci\u00f3 o invitaci\u00f3 per a la visita dels mateixos.<\/p>\n<p>BOH\u00c8MIA MALLORCA S.L.U. Corredur\u00eda de Seguros no ofereix ni comercialitza per si ni per mitj\u00e0 de tercers els productes i\/o serveis disponibles en aquests llocs enlla\u00e7ats.<\/p>\n<p>Aix\u00ed mateix, tampoc garantir\u00e0 la disponibilitat t\u00e8cnica, exactitud, veracitat, validesa o legalitat de llocs aliens a la seva propietat a qu\u00e8 es pugui accedir per mitj\u00e0 dels enlla\u00e7os.<\/p>\n<p>BOH\u00c8MIA MALLORCA S.L.U. Corredoria de Seguros en cap cas revisar\u00e0 o controlar\u00e0 el contingut d&#8217;altres llocs web, aix\u00ed com tampoc aprova, examina ni fa propis els productes i serveis, continguts, arxius i qualsevol altre material existent en els llocs enlla\u00e7ats.<\/p>\n<p>BOH\u00c8MIA MALLORCA S.L.U. Corredur\u00eda de Seguros no assumeix cap responsabilitat pels danys i perjudicis que poguessin produir-se per l&#8217;acc\u00e9s, \u00fas, qualitat o licitud dels continguts, comunicacions, opinions, productes i serveis dels llocs web no gestionats per BOHEMIA MALLORCA S.L.U. Corredoria d&#8217;assegurances i que siguin enlla\u00e7ats en aquest Lloc Web.<\/p>\n<p>L&#8217;Usuari o tercer que faci un hiperenlla\u00e7 des d&#8217;una p\u00e0gina web d&#8217;un altre, diferent, lloc web al Lloc Web de BOHEMIA MALLORCA S.L.U. Corredoria d&#8217;assegurances haur\u00e0 de saber que:<\/p>\n<p>No es permet la reproducci\u00f3 \u2014totalment o parcialment\u2014 de cap dels Continguts i\/o Serveis del Lloc Web sense autoritzaci\u00f3 expressa de BOHEMIA MALLORCA S.L.U. Corredoria d&#8217;assegurances.<\/p>\n<p>No es permet tampoc cap manifestaci\u00f3 falsa, inexacta o incorrecta sobre el Lloc Web de BOHEMIA MALLORCA S.L.U. Corredoria d&#8217;assegurances, ni sobre els seus continguts i\/o serveis.<\/p>\n<p>A excepci\u00f3 de l&#8217;hiperenlla\u00e7, el lloc web on s&#8217;estableixi aquest hiperenlla\u00e7 no contindr\u00e0 cap element, d&#8217;aquest Lloc Web, protegit com a propietat intel\u00b7lectual per l&#8217;ordenament jur\u00eddic espanyol, excepte autoritzaci\u00f3 expressa de BOHEMIA MALLORCA S.L.U. Corredoria d&#8217;assegurances.<\/p>\n<p>L&#8217;establiment de l&#8217;hipervincle no implica l&#8217;exist\u00e8ncia de relacions entre BOHEMIA MALLORCA S.L.U. Corredoria d&#8217;Assegurances i el titular del lloc web des del qual es realitzi, ni el coneixement i l&#8217;acceptaci\u00f3 de BOHEMIA MALLORCA S.L.U. Corredoria d&#8217;assegurances dels continguts, serveis i\/o activitats ofertes en aquest lloc web, i viceversa.<\/p>\n<p>[\/vc_column_text][vc_column_text]<\/p>\n<h5>V. Propietat intel\u00b7lectual i industrial<\/h5>\n<p>BOH\u00c8MIA MALLORCA S.L.U. Corredoria d&#8217;Assegurances per si o com a part cession\u00e0ria, \u00e9s titular de tots els drets de propietat intel\u00b7lectual i industrial del Lloc Web, aix\u00ed com dels elements continguts en aquest (a t\u00edtol enunciatiu i no exhaustiu, imatges, so, \u00e0udio, v\u00eddeo, programari o textos, marques o logotips, combinacions de colors, estructura i disseny, selecci\u00f3 de materials usats, programes dordinador necessaris per al seu funcionament, acc\u00e9s i \u00fas, etc.). Seran, per tant, obres protegides com a propietat intel\u00b7lectual per l&#8217;ordenament jur\u00eddic espanyol, i els seran aplicables tant la normativa espanyola i comunit\u00e0ria en aquest camp, com els tractats internacionals relatius a la mat\u00e8ria i subscrits per Espanya.<\/p>\n<p>Tots els drets reservats. En virtut del que disposa la Llei de propietat intel\u00b7lectual, queden expressament prohibides la reproducci\u00f3, la distribuci\u00f3 i la comunicaci\u00f3 p\u00fablica, inclosa la seva modalitat de posada a disposici\u00f3, de la totalitat o part dels continguts d&#8217;aquesta p\u00e0gina web, amb fins comercials, a qualsevol suport i per qualsevol mitj\u00e0 t\u00e8cnic, sense l&#8217;autoritzaci\u00f3 de BOHEMIA MALLORCA S.L.U. Corredoria d&#8217;assegurances.<\/p>\n<p>L&#8217;usuari es compromet a respectar els drets de propietat intel\u00b7lectual i industrial de BOHEMIA MALLORCA S.L.U. Corredoria d&#8217;assegurances. Podreu visualitzar els elements del Lloc Web o fins i tot imprimir-los, copiar-los i emmagatzemar-los al disc dur del vostre ordinador o en qualsevol altre suport f\u00edsic sempre que sigui, exclusivament, per al seu \u00fas personal. L&#8217;Usuari, per\u00f2, no podr\u00e0 suprimir, alterar, o manipular qualsevol dispositiu de protecci\u00f3 o sistema de seguretat que estigu\u00e9s instal\u00b7lat al Lloc Web.<\/p>\n<p>En cas que l&#8217;Usuari o tercer consideri que qualsevol dels Continguts del Lloc Web suposi una violaci\u00f3 dels drets de protecci\u00f3 de la propietat intel\u00b7lectual, ho haur\u00e0 de comunicar immediatament a BOHEMIA MALLORCA S.L.U. Corredoria d&#8217;Assegurances mitjan\u00e7ant les dades de contacte de l&#8217;apartat d&#8217;INFORMACI\u00d3 GENERAL d&#8217;aquest Av\u00eds Legal i Condicions Generals d&#8217;\u00das.<\/p>\n<p>[\/vc_column_text][vc_column_text]<\/p>\n<h5>VI. Accions legals, legislaci\u00f3 aplicable i jurisdicci\u00f3<\/h5>\n<p>BOH\u00c8MIA MALLORCA S.L.U. Corredur\u00eda de Seguros es reserva la facultat de presentar les accions civils o penals que consideri necess\u00e0ries per la utilitzaci\u00f3 indeguda del Lloc Web i Continguts, o per l&#8217;incompliment de les presents Condicions.<\/p>\n<p>La relaci\u00f3 entre l&#8217;Usuari i la BOH\u00c8MIA MALLORCA S.L.U. Corredoria d&#8217;assegurances es regir\u00e0 per la normativa vigent i aplicable al territori espanyol. Si sorgeix qualsevol controv\u00e8rsia en relaci\u00f3 amb la interpretaci\u00f3 i\/o l&#8217;aplicaci\u00f3 d&#8217;aquestes Condicions, les parts sotmetran els seus conflictes a la jurisdicci\u00f3 ordin\u00e0ria sotmetent-se als jutges i tribunals que corresponguin d&#8217;acord amb el dret.<\/p>\n<p>Aquest document d&#8217;Av\u00eds Legal i Condicions Generals d&#8217;\u00fas del lloc web ha estat creat mitjan\u00e7ant el <a href=\"https:\/\/textos-legales.edgartamarit.com\/\" target=\"_blank\" rel=\"noopener\">generador de plantilla d&#8217;av\u00eds legal i condicions d&#8217;\u00fas en l\u00ednia<\/a> el dia 21\/06\/2022.<\/p>\n<p>[\/vc_column_text][\/vc_column_inner][\/vc_row_inner][vc_row_inner el_class=&#8221;forms-newdetails&#8221;][vc_column_inner]<div class=\"vc_btn3-container  bohe-close-btn vc_btn3-inline\"><button class=\"vc_general vc_btn3 vc_btn3-size-md vc_btn3-shape-rounded vc_btn3-style-modern btn-close\">schliessen<\/button><\/div><div class=\"form-back\"><div class=\"beratung-container\"><\/div><\/div>[\/vc_column_inner][\/vc_row_inner][\/vc_column][\/vc_row]<\/p>\n<\/div>","protected":false},"excerpt":{"rendered":"<p>[vc_row full_width=&#8221;stretch_row&#8221; full_height=&#8221;yes&#8221; columns_placement=&#8221;stretch&#8221; content_placement=&#8221;top&#8221; css=&#8221;.vc_custom_1649620216410{background-color: rgba(255,255,255,0.1) !important;*background-color: rgb(255,255,255) !important;}&#8221; el_class=&#8221;zigzag&#8221;][vc_column][vc_row_inner el_class=&#8221;intro-block&#8221;][vc_column_inner][vc_custom_heading text=&#8221;Av\u00eds legal i condicions generals d\u00fas&#8221; font_container=&#8221;tag:h1|text_align:left&#8221; el_class=&#8221;heading-size-3&#8243; css=&#8221;.vc_custom_1688740090503{margin-top: 3rem !important;margin-bottom: 3rem !important;}&#8221;][vc_column_text] I. Informaci\u00f3 general&hellip;<\/p>\n","protected":false},"author":1,"featured_media":0,"parent":0,"menu_order":12,"comment_status":"closed","ping_status":"closed","template":"template-content.php","meta":{"_acf_changed":false,"inline_featured_image":false,"footnotes":""},"class_list":["post-4979","page","type-page","status-publish","has-post-thumbnail","hentry"],"acf":[],"yoast_head":"<!-- This site is optimized with the Yoast SEO Premium plugin v22.1 (Yoast SEO v22.6) - https:\/\/yoast.com\/wordpress\/plugins\/seo\/ -->\n<title>Av\u00eds legal | Bohemia Mallorca<\/title>\n<meta name=\"description\" content=\"Av\u00eds legal\" \/>\n<meta name=\"robots\" content=\"noindex, nofollow\" \/>\n<meta property=\"og:locale\" content=\"ca_ES\" \/>\n<meta property=\"og:type\" content=\"article\" \/>\n<meta property=\"og:title\" content=\"Av\u00eds legal\" \/>\n<meta property=\"og:description\" content=\"Av\u00eds legal\" \/>\n<meta property=\"og:url\" content=\"https:\/\/bohemia-mallorca.com\/ca\/avis-legal\/\" \/>\n<meta property=\"og:site_name\" content=\"Bohemia Mallorca\" \/>\n<meta property=\"article:publisher\" content=\"https:\/\/www.facebook.com\/bohemiamallorca\" \/>\n<meta property=\"article:modified_time\" content=\"2023-07-07T14:32:37+00:00\" \/>\n<meta name=\"twitter:card\" content=\"summary_large_image\" \/>\n<meta name=\"twitter:label1\" content=\"Temps estimat de lectura\" \/>\n\t<meta name=\"twitter:data1\" content=\"11 minuts\" \/>\n<script type=\"application\/ld+json\" class=\"yoast-schema-graph\">{\"@context\":\"https:\/\/schema.org\",\"@graph\":[{\"@type\":\"WebPage\",\"@id\":\"https:\/\/bohemia-mallorca.com\/ca\/avis-legal\/\",\"url\":\"https:\/\/bohemia-mallorca.com\/ca\/avis-legal\/\",\"name\":\"Av\u00eds legal | Bohemia Mallorca\",\"isPartOf\":{\"@id\":\"https:\/\/bohemia-mallorca.com\/ca\/#website\"},\"datePublished\":\"2022-03-05T08:01:55+00:00\",\"dateModified\":\"2023-07-07T14:32:37+00:00\",\"description\":\"Av\u00eds legal\",\"breadcrumb\":{\"@id\":\"https:\/\/bohemia-mallorca.com\/ca\/avis-legal\/#breadcrumb\"},\"inLanguage\":\"ca\",\"potentialAction\":[{\"@type\":\"ReadAction\",\"target\":[\"https:\/\/bohemia-mallorca.com\/ca\/avis-legal\/\"]}]},{\"@type\":\"BreadcrumbList\",\"@id\":\"https:\/\/bohemia-mallorca.com\/ca\/avis-legal\/#breadcrumb\",\"itemListElement\":[{\"@type\":\"ListItem\",\"position\":1,\"name\":\"Startseite\",\"item\":\"https:\/\/bohemia-mallorca.com\/ca\/\"},{\"@type\":\"ListItem\",\"position\":2,\"name\":\"Av\u00eds legal\"}]},{\"@type\":\"WebSite\",\"@id\":\"https:\/\/bohemia-mallorca.com\/ca\/#website\",\"url\":\"https:\/\/bohemia-mallorca.com\/ca\/\",\"name\":\"Bohemia Mallorca\",\"description\":\"Versicherungsmakler\",\"publisher\":{\"@id\":\"https:\/\/bohemia-mallorca.com\/ca\/#organization\"},\"alternateName\":\"Bohemia\",\"potentialAction\":[{\"@type\":\"SearchAction\",\"target\":{\"@type\":\"EntryPoint\",\"urlTemplate\":\"https:\/\/bohemia-mallorca.com\/ca\/?s={search_term_string}\"},\"query-input\":\"required name=search_term_string\"}],\"inLanguage\":\"ca\"},{\"@type\":\"Organization\",\"@id\":\"https:\/\/bohemia-mallorca.com\/ca\/#organization\",\"name\":\"Bohemia Mallorca\",\"alternateName\":\"Bohemia\",\"url\":\"https:\/\/bohemia-mallorca.com\/ca\/\",\"logo\":{\"@type\":\"ImageObject\",\"inLanguage\":\"ca\",\"@id\":\"https:\/\/bohemia-mallorca.com\/ca\/#\/schema\/logo\/image\/\",\"url\":\"https:\/\/bohemia-mallorca.com\/wp-content\/uploads\/2022\/11\/Bohemia_Mallorca_Correduria_de_Seguros_Versicherungsmakler.png\",\"contentUrl\":\"https:\/\/bohemia-mallorca.com\/wp-content\/uploads\/2022\/11\/Bohemia_Mallorca_Correduria_de_Seguros_Versicherungsmakler.png\",\"width\":4167,\"height\":1250,\"caption\":\"Bohemia Mallorca\"},\"image\":{\"@id\":\"https:\/\/bohemia-mallorca.com\/ca\/#\/schema\/logo\/image\/\"},\"sameAs\":[\"https:\/\/www.facebook.com\/bohemiamallorca\",\"https:\/\/www.instagram.com\/bohemia_mallorca\/\"]}]}<\/script>\n<!-- \/ Yoast SEO Premium plugin. -->","yoast_head_json":{"title":"Av\u00eds legal | Bohemia Mallorca","description":"Av\u00eds legal","robots":{"index":"noindex","follow":"nofollow"},"og_locale":"ca_ES","og_type":"article","og_title":"Av\u00eds legal","og_description":"Av\u00eds legal","og_url":"https:\/\/bohemia-mallorca.com\/ca\/avis-legal\/","og_site_name":"Bohemia Mallorca","article_publisher":"https:\/\/www.facebook.com\/bohemiamallorca","article_modified_time":"2023-07-07T14:32:37+00:00","twitter_card":"summary_large_image","twitter_misc":{"Temps estimat de lectura":"11 minuts"},"schema":{"@context":"https:\/\/schema.org","@graph":[{"@type":"WebPage","@id":"https:\/\/bohemia-mallorca.com\/ca\/avis-legal\/","url":"https:\/\/bohemia-mallorca.com\/ca\/avis-legal\/","name":"Av\u00eds legal | Bohemia Mallorca","isPartOf":{"@id":"https:\/\/bohemia-mallorca.com\/ca\/#website"},"datePublished":"2022-03-05T08:01:55+00:00","dateModified":"2023-07-07T14:32:37+00:00","description":"Av\u00eds legal","breadcrumb":{"@id":"https:\/\/bohemia-mallorca.com\/ca\/avis-legal\/#breadcrumb"},"inLanguage":"ca","potentialAction":[{"@type":"ReadAction","target":["https:\/\/bohemia-mallorca.com\/ca\/avis-legal\/"]}]},{"@type":"BreadcrumbList","@id":"https:\/\/bohemia-mallorca.com\/ca\/avis-legal\/#breadcrumb","itemListElement":[{"@type":"ListItem","position":1,"name":"Startseite","item":"https:\/\/bohemia-mallorca.com\/ca\/"},{"@type":"ListItem","position":2,"name":"Av\u00eds legal"}]},{"@type":"WebSite","@id":"https:\/\/bohemia-mallorca.com\/ca\/#website","url":"https:\/\/bohemia-mallorca.com\/ca\/","name":"Bohemia Mallorca","description":"Versicherungsmakler","publisher":{"@id":"https:\/\/bohemia-mallorca.com\/ca\/#organization"},"alternateName":"Bohemia","potentialAction":[{"@type":"SearchAction","target":{"@type":"EntryPoint","urlTemplate":"https:\/\/bohemia-mallorca.com\/ca\/?s={search_term_string}"},"query-input":"required name=search_term_string"}],"inLanguage":"ca"},{"@type":"Organization","@id":"https:\/\/bohemia-mallorca.com\/ca\/#organization","name":"Bohemia Mallorca","alternateName":"Bohemia","url":"https:\/\/bohemia-mallorca.com\/ca\/","logo":{"@type":"ImageObject","inLanguage":"ca","@id":"https:\/\/bohemia-mallorca.com\/ca\/#\/schema\/logo\/image\/","url":"https:\/\/bohemia-mallorca.com\/wp-content\/uploads\/2022\/11\/Bohemia_Mallorca_Correduria_de_Seguros_Versicherungsmakler.png","contentUrl":"https:\/\/bohemia-mallorca.com\/wp-content\/uploads\/2022\/11\/Bohemia_Mallorca_Correduria_de_Seguros_Versicherungsmakler.png","width":4167,"height":1250,"caption":"Bohemia Mallorca"},"image":{"@id":"https:\/\/bohemia-mallorca.com\/ca\/#\/schema\/logo\/image\/"},"sameAs":["https:\/\/www.facebook.com\/bohemiamallorca","https:\/\/www.instagram.com\/bohemia_mallorca\/"]}]}},"_links":{"self":[{"href":"https:\/\/bohemia-mallorca.com\/ca\/wp-json\/wp\/v2\/pages\/4979","targetHints":{"allow":["GET"]}}],"collection":[{"href":"https:\/\/bohemia-mallorca.com\/ca\/wp-json\/wp\/v2\/pages"}],"about":[{"href":"https:\/\/bohemia-mallorca.com\/ca\/wp-json\/wp\/v2\/types\/page"}],"author":[{"embeddable":true,"href":"https:\/\/bohemia-mallorca.com\/ca\/wp-json\/wp\/v2\/users\/1"}],"replies":[{"embeddable":true,"href":"https:\/\/bohemia-mallorca.com\/ca\/wp-json\/wp\/v2\/comments?post=4979"}],"version-history":[{"count":0,"href":"https:\/\/bohemia-mallorca.com\/ca\/wp-json\/wp\/v2\/pages\/4979\/revisions"}],"wp:attachment":[{"href":"https:\/\/bohemia-mallorca.com\/ca\/wp-json\/wp\/v2\/media?parent=4979"}],"curies":[{"name":"wp","href":"https:\/\/api.w.org\/{rel}","templated":true}]}}