{"id":19006,"date":"2022-07-01T12:50:35","date_gmt":"2022-07-01T10:50:35","guid":{"rendered":"https:\/\/bohemia-mallorca.com\/bohe01\/politica-de-cookies\/"},"modified":"2023-07-07T16:20:44","modified_gmt":"2023-07-07T14:20:44","slug":"politica-de-cookies","status":"publish","type":"page","link":"https:\/\/bohemia-mallorca.com\/ca\/politica-de-cookies\/","title":{"rendered":"Pol\u00edtica de cookies"},"content":{"rendered":"<div class=\"wpb-content-wrapper\"><p>[vc_row full_width=&#8221;stretch_row_content_no_spaces&#8221; full_height=&#8221;yes&#8221; columns_placement=&#8221;stretch&#8221; content_placement=&#8221;top&#8221; css=&#8221;.vc_custom_1655537228395{background-color: rgba(255,255,255,0.1) !important;*background-color: rgb(255,255,255) !important;}&#8221; el_class=&#8221;zigzag&#8221;][vc_column][vc_row_inner el_class=&#8221;intro-block&#8221;][vc_column_inner][vc_custom_heading text=&#8221;Pol\u00edtica de cookies&#8221; font_container=&#8221;tag:h1|text_align:left&#8221; el_class=&#8221;heading-size-3&#8243; css=&#8221;.vc_custom_1688739592387{margin-top: 3rem !important;margin-bottom: 3rem !important;}&#8221;][\/vc_column_inner][\/vc_row_inner][vc_row_inner el_class=&#8221;intro-block&#8221;][vc_column_inner][vc_column_text]L&#8217;acc\u00e9s a aquest Lloc Web pot implicar la utilitzaci\u00f3 de galetes. Les galetes s\u00f3n petites quantitats d&#8217;informaci\u00f3 que s&#8217;emmagatzemen al navegador utilitzat per cada Usuari -en els diferents dispositius que pugui utilitzar per navegar- perqu\u00e8 el servidor recordi certa informaci\u00f3 que posteriorment i \u00fanicament el servidor que la va implementar llegir\u00e0. Les galetes faciliten la navegaci\u00f3, la fan m\u00e9s amigable, i no fan malb\u00e9 el dispositiu de navegaci\u00f3.<\/p>\n<p>Les cookies s\u00f3n procediments autom\u00e0tics de recollida d&#8217;informaci\u00f3 relativa a les prefer\u00e8ncies determinades per l&#8217;Usuari durant la visita al Lloc Web per tal de recon\u00e8ixer-lo com a Usuari, i personalitzar la seva experi\u00e8ncia i l&#8217;\u00fas del Lloc Web, i poden tamb\u00e9, per exemple, ajudar a identificar i resoldre errors.<\/p>\n<p>La informaci\u00f3 recollida a trav\u00e9s de les galetes pot incloure la data i hora de visites al Lloc Web, les p\u00e0gines visionades, el temps que ha estat al Lloc Web i els llocs visitats just abans i despr\u00e9s. Tot i aix\u00f2, cap galeta permet que aquesta mateixa pugui contactar amb el n\u00famero de tel\u00e8fon de l&#8217;Usuari o amb qualsevol altre mitj\u00e0 de contacte personal. Cap galeta no pot extreure informaci\u00f3 del disc dur de l&#8217;Usuari o robar informaci\u00f3 personal. L&#8217;\u00fanica manera que la informaci\u00f3 privada de l&#8217;Usuari formi part del fitxer Cookie \u00e9s que l&#8217;usuari doni personalment aquesta informaci\u00f3 al servidor.<\/p>\n<p>Les galetes que permeten identificar una persona es consideren dades personals. Per tant, a les mateixes els ser\u00e0 aplicable la Pol\u00edtica de Privadesa anteriorment descrita. En aquest sentit, per utilitzar-les ser\u00e0 necessari el consentiment de l&#8217;Usuari. Aquest consentiment ser\u00e0 comunicat, en base a una elecci\u00f3 aut\u00e8ntica, ofert mitjan\u00e7ant una decisi\u00f3 afirmativa i positiva, abans del tractament inicial, removible i documentat.<\/p>\n<p><strong>Cookies pr\u00f2pies<\/strong><br \/>\nS\u00f3n aquelles galetes que s\u00f3n enviades a l&#8217;ordinador o dispositiu de l&#8217;Usuari i gestionades exclusivament per BOHEMIA MALLORCA S.L.U. Corredoria d&#8217;assegurances per al millor funcionament del Lloc Web. La informaci\u00f3 que es recull s&#8217;empra per millorar la qualitat del Lloc Web i el seu Contingut i la seva experi\u00e8ncia com a Usuari. Aquestes cookies permeten recon\u00e8ixer l&#8217;Usuari com a visitant recurrent del Lloc Web i adaptar el contingut per oferir continguts que s&#8217;ajustin a les seves prefer\u00e8ncies.<\/p>\n<p><strong>Galetes de tercers<\/strong><br \/>\nS\u00f3n galetes utilitzades i gestionades per entitats externes que proporcionen a BOHEMIA MALLORCA S.L.U. Corredoria d&#8217;assegurances serveis sol\u00b7licitats per aquest mateix per millorar el Lloc Web i l&#8217;experi\u00e8ncia de l&#8217;usuari en navegar al Lloc Web. Els objectius principals per als quals s&#8217;utilitzen galetes de tercers s\u00f3n l&#8217;obtenci\u00f3 d&#8217;estad\u00edstiques d&#8217;accessos i analitzar la informaci\u00f3 de la navegaci\u00f3, \u00e9s a dir, com interactua l&#8217;Usuari amb el Lloc Web.<\/p>\n<p>La informaci\u00f3 que s&#8217;obt\u00e9 es refereix, per exemple, al nombre de p\u00e0gines visitades, l&#8217;idioma, el lloc on l&#8217;adre\u00e7a IP des del qual accedeix l&#8217;Usuari, el nombre d&#8217;Usuaris que hi accedeixen, la freq\u00fc\u00e8ncia i la reincid\u00e8ncia de les visites, el temps de visita, el navegador que usen, l&#8217;operador o tipus de dispositiu des del qual es fa la visita. Aquesta informaci\u00f3 es fa servir per millorar el Lloc Web, i detectar noves necessitats per oferir als Usuaris un Contingut i\/o servei d&#8217;\u00f2ptima qualitat. En tot cas, la informaci\u00f3 es recopila de forma an\u00f2nima i s&#8217;elaboren informes de tend\u00e8ncies del Lloc Web sense identificar usuaris individuals.<\/p>\n<p>Podeu obtenir m\u00e9s informaci\u00f3 sobre les galetes, la informaci\u00f3 sobre la privadesa, o consultar la descripci\u00f3 del tipus de galetes que s&#8217;utilitza, les seves principals caracter\u00edstiques, per\u00edode d&#8217;expiraci\u00f3, etc. en el seg\u00fcent(s) enlla\u00e7(s):<\/p>\n<p>Google Analytics: <a href=\"http:\/\/developers.google.com\/analytics\/\" target=\"_blank\" rel=\"noopener\">https:\/\/developers.google.com\/analytics\/<\/a><\/p>\n<p>L&#8217;entitat(s) encarregada(es) del subministrament de cookies podr\u00e0(n) cedir aquesta informaci\u00f3 a tercers, sempre que ho exigeixi la llei o sigui un tercer el que processi aquesta informaci\u00f3 per a aquestes entitats.<\/p>\n<p><strong>Galetes de xarxes socials<\/strong><br \/>\nBOH\u00c8MIA MALLORCA S.L.U. Corredoria de Seguros incorpora plugins de xarxes socials, que permeten accedir-hi a partir del Lloc Web. Per aquesta ra\u00f3, les galetes de xarxes socials es poden emmagatzemar al navegador de l&#8217;Usuari. Els titulars de les xarxes socials esmentades disposen de les seves pr\u00f2pies pol\u00edtiques de protecci\u00f3 de dades i de cookies, sent ells mateixos, en cada cas, responsables dels seus propis fitxers i de les seves pr\u00f2pies pr\u00e0ctiques de privadesa. L&#8217;Usuari ha de referir-s&#8217;hi per informar-se sobre aquestes galetes i, si escau, del tractament de les seves dades personals. \u00danicament a t\u00edtol informatiu s&#8217;indiquen a continuaci\u00f3 els enlla\u00e7os en qu\u00e8 es poden consultar aquestes pol\u00edtiques de privadesa i\/o de cookies:<\/p>\n<p>Facebook: <a href=\"http:\/\/www.facebook.com\/policies\/cookies\/\" target=\"_blank\" rel=\"noopener\">https:\/\/www.facebook.com\/policies\/cookies\/<\/a><br \/>\nInstagram: <a href=\"https:\/\/help.instagram.com\/1896641480634370\/?helpref=uf_share\" target=\"_blank\" rel=\"noopener\">https:\/\/help.instagram.com\/<\/a><br \/>\nLinkedIn: <a href=\"http:\/\/www.linkedin.com\/legal\/cookie-policy?trk=hp-cookies\" target=\"_blank\" rel=\"noopener\">https:\/\/www.linkedin.com\/legal\/cookie-policy?trk=hp-cookies<\/a><\/p>\n<p><strong>Deshabilitar, rebutjar i eliminar cookies<\/strong><br \/>\nL&#8217;Usuari pot deshabilitar, rebutjar i eliminar les cookies \u2014totalment o parcialment\u2014 instal\u00b7lades al dispositiu mitjan\u00e7ant la configuraci\u00f3 del vostre navegador (entre els quals es troben, per exemple, Chrome, Firefox, Safari, Explorer). En aquest sentit, els procediments per rebutjar i eliminar les galetes poden diferir d&#8217;un navegador d&#8217;Internet a un altre. En conseq\u00fc\u00e8ncia, l&#8217;Usuari ha d&#8217;acudir a les instruccions facilitades pel navegador d&#8217;Internet que utilitzi. En cas que rebutgi l&#8217;\u00fas de cookies \u2014totalment o parcialment\u2014 podr\u00e0 continuar usant el Lloc Web, si b\u00e9 podr\u00e0 tenir limitada la utilitzaci\u00f3 d&#8217;algunes de les prestacions del mateix.<\/p>\n<p>Aquest document de Pol\u00edtica de Cookies ha estat creat mitjan\u00e7ant el <a href=\"https:\/\/textos-legales.edgartamarit.com\/\" target=\"_blank\" rel=\"noopener\">generador de plantilla de pol\u00edtica de cookies en l\u00ednia<\/a> el dia 21\/06\/2022.[\/vc_column_text][\/vc_column_inner][\/vc_row_inner][vc_row_inner el_class=&#8221;forms-newdetails&#8221;][vc_column_inner]<div class=\"vc_btn3-container  bohe-close-btn vc_btn3-inline\"><button class=\"vc_general vc_btn3 vc_btn3-size-md vc_btn3-shape-rounded vc_btn3-style-modern btn-close\">schliessen<\/button><\/div><div class=\"form-back\"><div class=\"beratung-container\"><\/div><\/div>[\/vc_column_inner][\/vc_row_inner][\/vc_column][\/vc_row]<\/p>\n<\/div>","protected":false},"excerpt":{"rendered":"<p>[vc_row full_width=&#8221;stretch_row_content_no_spaces&#8221; full_height=&#8221;yes&#8221; columns_placement=&#8221;stretch&#8221; content_placement=&#8221;top&#8221; css=&#8221;.vc_custom_1655537228395{background-color: rgba(255,255,255,0.1) !important;*background-color: rgb(255,255,255) !important;}&#8221; el_class=&#8221;zigzag&#8221;][vc_column][vc_row_inner el_class=&#8221;intro-block&#8221;][vc_column_inner][vc_custom_heading text=&#8221;Pol\u00edtica de cookies&#8221; font_container=&#8221;tag:h1|text_align:left&#8221; el_class=&#8221;heading-size-3&#8243; css=&#8221;.vc_custom_1688739592387{margin-top: 3rem !important;margin-bottom: 3rem !important;}&#8221;][\/vc_column_inner][\/vc_row_inner][vc_row_inner el_class=&#8221;intro-block&#8221;][vc_column_inner][vc_column_text]L&#8217;acc\u00e9s a aquest Lloc Web pot&hellip;<\/p>\n","protected":false},"author":1,"featured_media":0,"parent":0,"menu_order":13,"comment_status":"closed","ping_status":"closed","template":"template-content.php","meta":{"_acf_changed":false,"inline_featured_image":false,"footnotes":""},"class_list":["post-19006","page","type-page","status-publish","has-post-thumbnail","hentry"],"acf":[],"yoast_head":"<!-- This site is optimized with the Yoast SEO Premium plugin v22.1 (Yoast SEO v22.6) - https:\/\/yoast.com\/wordpress\/plugins\/seo\/ -->\n<title>Pol\u00edtica de cookies | Bohemia Mallorca<\/title>\n<meta name=\"description\" content=\"Pol\u00edtica de cookies\" \/>\n<meta name=\"robots\" content=\"noindex, nofollow\" \/>\n<meta property=\"og:locale\" content=\"ca_ES\" \/>\n<meta property=\"og:type\" content=\"article\" \/>\n<meta property=\"og:title\" content=\"Pol\u00edtica de cookies\" \/>\n<meta property=\"og:description\" content=\"Pol\u00edtica de cookies\" \/>\n<meta property=\"og:url\" content=\"https:\/\/bohemia-mallorca.com\/ca\/politica-de-cookies\/\" \/>\n<meta property=\"og:site_name\" content=\"Bohemia Mallorca\" \/>\n<meta property=\"article:publisher\" content=\"https:\/\/www.facebook.com\/bohemiamallorca\" \/>\n<meta property=\"article:modified_time\" content=\"2023-07-07T14:20:44+00:00\" \/>\n<meta name=\"twitter:card\" content=\"summary_large_image\" \/>\n<meta name=\"twitter:label1\" content=\"Temps estimat de lectura\" \/>\n\t<meta name=\"twitter:data1\" content=\"5 minuts\" \/>\n<script type=\"application\/ld+json\" class=\"yoast-schema-graph\">{\"@context\":\"https:\/\/schema.org\",\"@graph\":[{\"@type\":\"WebPage\",\"@id\":\"https:\/\/bohemia-mallorca.com\/ca\/politica-de-cookies\/\",\"url\":\"https:\/\/bohemia-mallorca.com\/ca\/politica-de-cookies\/\",\"name\":\"Pol\u00edtica de cookies | Bohemia Mallorca\",\"isPartOf\":{\"@id\":\"https:\/\/bohemia-mallorca.com\/ca\/#website\"},\"datePublished\":\"2022-07-01T10:50:35+00:00\",\"dateModified\":\"2023-07-07T14:20:44+00:00\",\"description\":\"Pol\u00edtica de cookies\",\"breadcrumb\":{\"@id\":\"https:\/\/bohemia-mallorca.com\/ca\/politica-de-cookies\/#breadcrumb\"},\"inLanguage\":\"ca\",\"potentialAction\":[{\"@type\":\"ReadAction\",\"target\":[\"https:\/\/bohemia-mallorca.com\/ca\/politica-de-cookies\/\"]}]},{\"@type\":\"BreadcrumbList\",\"@id\":\"https:\/\/bohemia-mallorca.com\/ca\/politica-de-cookies\/#breadcrumb\",\"itemListElement\":[{\"@type\":\"ListItem\",\"position\":1,\"name\":\"Startseite\",\"item\":\"https:\/\/bohemia-mallorca.com\/ca\/\"},{\"@type\":\"ListItem\",\"position\":2,\"name\":\"Pol\u00edtica de cookies\"}]},{\"@type\":\"WebSite\",\"@id\":\"https:\/\/bohemia-mallorca.com\/ca\/#website\",\"url\":\"https:\/\/bohemia-mallorca.com\/ca\/\",\"name\":\"Bohemia Mallorca\",\"description\":\"Versicherungsmakler\",\"publisher\":{\"@id\":\"https:\/\/bohemia-mallorca.com\/ca\/#organization\"},\"alternateName\":\"Bohemia\",\"potentialAction\":[{\"@type\":\"SearchAction\",\"target\":{\"@type\":\"EntryPoint\",\"urlTemplate\":\"https:\/\/bohemia-mallorca.com\/ca\/?s={search_term_string}\"},\"query-input\":\"required name=search_term_string\"}],\"inLanguage\":\"ca\"},{\"@type\":\"Organization\",\"@id\":\"https:\/\/bohemia-mallorca.com\/ca\/#organization\",\"name\":\"Bohemia Mallorca\",\"alternateName\":\"Bohemia\",\"url\":\"https:\/\/bohemia-mallorca.com\/ca\/\",\"logo\":{\"@type\":\"ImageObject\",\"inLanguage\":\"ca\",\"@id\":\"https:\/\/bohemia-mallorca.com\/ca\/#\/schema\/logo\/image\/\",\"url\":\"https:\/\/bohemia-mallorca.com\/wp-content\/uploads\/2022\/11\/Bohemia_Mallorca_Correduria_de_Seguros_Versicherungsmakler.png\",\"contentUrl\":\"https:\/\/bohemia-mallorca.com\/wp-content\/uploads\/2022\/11\/Bohemia_Mallorca_Correduria_de_Seguros_Versicherungsmakler.png\",\"width\":4167,\"height\":1250,\"caption\":\"Bohemia Mallorca\"},\"image\":{\"@id\":\"https:\/\/bohemia-mallorca.com\/ca\/#\/schema\/logo\/image\/\"},\"sameAs\":[\"https:\/\/www.facebook.com\/bohemiamallorca\",\"https:\/\/www.instagram.com\/bohemia_mallorca\/\"]}]}<\/script>\n<!-- \/ Yoast SEO Premium plugin. -->","yoast_head_json":{"title":"Pol\u00edtica de cookies | Bohemia Mallorca","description":"Pol\u00edtica de cookies","robots":{"index":"noindex","follow":"nofollow"},"og_locale":"ca_ES","og_type":"article","og_title":"Pol\u00edtica de cookies","og_description":"Pol\u00edtica de cookies","og_url":"https:\/\/bohemia-mallorca.com\/ca\/politica-de-cookies\/","og_site_name":"Bohemia Mallorca","article_publisher":"https:\/\/www.facebook.com\/bohemiamallorca","article_modified_time":"2023-07-07T14:20:44+00:00","twitter_card":"summary_large_image","twitter_misc":{"Temps estimat de lectura":"5 minuts"},"schema":{"@context":"https:\/\/schema.org","@graph":[{"@type":"WebPage","@id":"https:\/\/bohemia-mallorca.com\/ca\/politica-de-cookies\/","url":"https:\/\/bohemia-mallorca.com\/ca\/politica-de-cookies\/","name":"Pol\u00edtica de cookies | Bohemia Mallorca","isPartOf":{"@id":"https:\/\/bohemia-mallorca.com\/ca\/#website"},"datePublished":"2022-07-01T10:50:35+00:00","dateModified":"2023-07-07T14:20:44+00:00","description":"Pol\u00edtica de cookies","breadcrumb":{"@id":"https:\/\/bohemia-mallorca.com\/ca\/politica-de-cookies\/#breadcrumb"},"inLanguage":"ca","potentialAction":[{"@type":"ReadAction","target":["https:\/\/bohemia-mallorca.com\/ca\/politica-de-cookies\/"]}]},{"@type":"BreadcrumbList","@id":"https:\/\/bohemia-mallorca.com\/ca\/politica-de-cookies\/#breadcrumb","itemListElement":[{"@type":"ListItem","position":1,"name":"Startseite","item":"https:\/\/bohemia-mallorca.com\/ca\/"},{"@type":"ListItem","position":2,"name":"Pol\u00edtica de cookies"}]},{"@type":"WebSite","@id":"https:\/\/bohemia-mallorca.com\/ca\/#website","url":"https:\/\/bohemia-mallorca.com\/ca\/","name":"Bohemia Mallorca","description":"Versicherungsmakler","publisher":{"@id":"https:\/\/bohemia-mallorca.com\/ca\/#organization"},"alternateName":"Bohemia","potentialAction":[{"@type":"SearchAction","target":{"@type":"EntryPoint","urlTemplate":"https:\/\/bohemia-mallorca.com\/ca\/?s={search_term_string}"},"query-input":"required name=search_term_string"}],"inLanguage":"ca"},{"@type":"Organization","@id":"https:\/\/bohemia-mallorca.com\/ca\/#organization","name":"Bohemia Mallorca","alternateName":"Bohemia","url":"https:\/\/bohemia-mallorca.com\/ca\/","logo":{"@type":"ImageObject","inLanguage":"ca","@id":"https:\/\/bohemia-mallorca.com\/ca\/#\/schema\/logo\/image\/","url":"https:\/\/bohemia-mallorca.com\/wp-content\/uploads\/2022\/11\/Bohemia_Mallorca_Correduria_de_Seguros_Versicherungsmakler.png","contentUrl":"https:\/\/bohemia-mallorca.com\/wp-content\/uploads\/2022\/11\/Bohemia_Mallorca_Correduria_de_Seguros_Versicherungsmakler.png","width":4167,"height":1250,"caption":"Bohemia Mallorca"},"image":{"@id":"https:\/\/bohemia-mallorca.com\/ca\/#\/schema\/logo\/image\/"},"sameAs":["https:\/\/www.facebook.com\/bohemiamallorca","https:\/\/www.instagram.com\/bohemia_mallorca\/"]}]}},"_links":{"self":[{"href":"https:\/\/bohemia-mallorca.com\/ca\/wp-json\/wp\/v2\/pages\/19006","targetHints":{"allow":["GET"]}}],"collection":[{"href":"https:\/\/bohemia-mallorca.com\/ca\/wp-json\/wp\/v2\/pages"}],"about":[{"href":"https:\/\/bohemia-mallorca.com\/ca\/wp-json\/wp\/v2\/types\/page"}],"author":[{"embeddable":true,"href":"https:\/\/bohemia-mallorca.com\/ca\/wp-json\/wp\/v2\/users\/1"}],"replies":[{"embeddable":true,"href":"https:\/\/bohemia-mallorca.com\/ca\/wp-json\/wp\/v2\/comments?post=19006"}],"version-history":[{"count":0,"href":"https:\/\/bohemia-mallorca.com\/ca\/wp-json\/wp\/v2\/pages\/19006\/revisions"}],"wp:attachment":[{"href":"https:\/\/bohemia-mallorca.com\/ca\/wp-json\/wp\/v2\/media?parent=19006"}],"curies":[{"name":"wp","href":"https:\/\/api.w.org\/{rel}","templated":true}]}}